{"id":41336,"date":"2020-12-16T10:18:41","date_gmt":"2020-12-16T10:18:41","guid":{"rendered":"http:\/\/www.primaboats.com\/cookies\/"},"modified":"2020-12-16T11:17:45","modified_gmt":"2020-12-16T11:17:45","slug":"cookies","status":"publish","type":"page","link":"https:\/\/www.primaboats.com\/de\/cookies\/","title":{"rendered":"Cookies"},"content":{"rendered":"<section  ><div class=\"container\"><div class=\"row\"><div class=\"wpb_column vc_column_container col-xs-mobile-fullwidth\"><div class=\"vc-column-innner-wrapper\"><p>Der Zugriff auf diese Website kann die Verwendung von Cookies beinhalten. Cookies sind kleine Mengen von Informationen, die in dem von jedem Benutzer verwendeten Browser gespeichert werden - auf den verschiedenen Ger\u00e4ten, mit denen er navigieren kann -, damit sich der Server bestimmte Informationen merkt, die sp\u00e4ter und nur der Server, der sie implementiert hat, lesen. Cookies erleichtern die Navigation, machen sie benutzerfreundlicher und besch\u00e4digen das Navigationsger\u00e4t nicht.<\/p>\n<p>Cookies sind automatische Verfahren zum Sammeln von Informationen zu den Pr\u00e4ferenzen, die der Benutzer w\u00e4hrend seines Besuchs auf der Website festgelegt hat, um ihn als Benutzer zu erkennen, seine Erfahrung und Nutzung der Website zu personalisieren, und k\u00f6nnen beispielsweise auch helfen um Fehler zu identifizieren und zu beheben.<\/p>\n<p>Die durch Cookies gesammelten Informationen k\u00f6nnen das Datum und die Uhrzeit der Besuche auf der Website, die angezeigten Seiten, die auf der Website verbrachte Zeit und die unmittelbar davor und danach besuchten Websites umfassen. Kein Cookie erlaubt jedoch die Kontaktaufnahme mit der Telefonnummer des Benutzers oder mit anderen pers\u00f6nlichen Kontaktmitteln. Kein Cookie kann Informationen von der Festplatte des Benutzers extrahieren oder pers\u00f6nliche Informationen stehlen. Die privaten Informationen des Benutzers sind nur dann Teil der Cookie-Datei, wenn der Benutzer diese Informationen pers\u00f6nlich an den Server weitergibt.<\/p>\n<p>Cookies, mit denen Sie eine Person identifizieren k\u00f6nnen, gelten als personenbezogene Daten. Daher gelten f\u00fcr sie die oben beschriebenen Datenschutzbestimmungen. In diesem Sinne ist f\u00fcr die Verwendung derselben die Zustimmung des Nutzers erforderlich. Diese Einwilligung wird auf der Grundlage einer authentischen Entscheidung, die durch eine positive und positive Entscheidung angeboten wird, vor der Erstbehandlung mitgeteilt, entfernbar und dokumentiert.<\/p>\n<p>Eigene Cookies<br \/>\nHierbei handelt es sich um Cookies, die an den Computer oder das Ger\u00e4t des Benutzers gesendet und ausschlie\u00dflich von primaboats.com verwaltet werden, damit die Website optimal funktioniert. Die gesammelten Informationen werden verwendet, um die Qualit\u00e4t der Website und ihres Inhalts sowie Ihre Erfahrung als Benutzer zu verbessern. Diese Cookies erm\u00f6glichen es dem Benutzer, als wiederkehrender Besucher der Website erkannt zu werden und den Inhalt anzupassen, um Inhalte anzubieten, die seinen Vorlieben entsprechen.<\/p>\n<p>Cookies von Drittanbietern<br \/>\nHierbei handelt es sich um Cookies, die von externen Stellen verwendet und verwaltet werden, die von primaboats.com angeforderte Dienste bereitstellen, um die Website und die Benutzererfahrung beim Surfen auf der Website zu verbessern. Die Hauptzwecke, f\u00fcr die Cookies von Drittanbietern verwendet werden, sind das Abrufen von Zugriffsstatistiken und das Analysieren von Navigationsinformationen, dh wie der Benutzer mit der Website interagiert.<\/p>\n<p>Die erhaltenen Informationen beziehen sich beispielsweise auf die Anzahl der besuchten Seiten, die Sprache, den Ort, von dem aus der Benutzer auf die IP-Adresse zugreift, die Anzahl der Benutzer, auf die zugegriffen wird, die H\u00e4ufigkeit und Wiederholung von Besuchen. die Besuchszeit, den von ihnen verwendeten Browser, den Bediener oder den Ger\u00e4tetyp, von dem aus der Besuch erfolgt. Diese Informationen werden verwendet, um die Website zu verbessern und neue Bed\u00fcrfnisse zu erkennen, um Benutzern Inhalte und \/ oder Dienste von h\u00f6chster Qualit\u00e4t anzubieten. In jedem Fall werden die Informationen anonym gesammelt und Trendberichte auf der Website erstellt, ohne einzelne Benutzer zu identifizieren.<\/p>\n<p>Sie k\u00f6nnen weitere Informationen zu Cookies, Informationen zum Datenschutz oder die Beschreibung der Art der verwendeten Cookies, ihrer Hauptmerkmale, des Ablaufzeitraums usw. erhalten. unter folgenden Links:<\/p>\n<p>Google Analytics<\/p>\n<p>Die f\u00fcr die Bereitstellung von Cookies zust\u00e4ndigen Stellen k\u00f6nnen diese Informationen an Dritte weitergeben, sofern dies gesetzlich vorgeschrieben ist oder eine dritte Partei diese Informationen f\u00fcr diese Stellen verarbeitet.<\/p>\n<p>Social Media Cookies<br \/>\nprimaboats.com enth\u00e4lt Plugins f\u00fcr soziale Netzwerke, die den Zugriff von der Website aus erm\u00f6glichen. Aus diesem Grund k\u00f6nnen Cookies f\u00fcr soziale Netzwerke im Browser des Benutzers gespeichert werden. Die Eigent\u00fcmer dieser sozialen Netzwerke haben ihre eigenen Datenschutz- und Cookie-Richtlinien und sind jeweils selbst f\u00fcr ihre eigenen Dateien und ihre eigenen Datenschutzpraktiken verantwortlich. Der Benutzer muss sich an ihn wenden, um Informationen zu diesen Cookies und gegebenenfalls zur Verarbeitung seiner pers\u00f6nlichen Daten zu erhalten. Nur zu Informationszwecken sind die Links angegeben, \u00fcber die diese Datenschutz- und \/ oder Cookie-Richtlinien abgerufen werden k\u00f6nnen:<\/p>\n<p>Facebook: https:\/\/www.facebook.com\/policies\/cookies\/<br \/>\nInstagram: https:\/\/help.instagram.com\/1896641480634370?ref=ig<br \/>\nYouTube: https:\/\/policies.google.com\/privacy?hl=es-419&amp;gl=mx<br \/>\nCookies deaktivieren, ablehnen und l\u00f6schen<br \/>\nDer Benutzer kann die auf seinem Ger\u00e4t installierten Cookies ganz oder teilweise deaktivieren, ablehnen und l\u00f6schen.<\/p>\n<\/div><\/div><\/div><\/div><\/section>","protected":false},"excerpt":{"rendered":"<p>Der Zugriff auf diese Website kann die Verwendung von Cookies beinhalten. Cookies sind kleine Mengen von Informationen, die in dem von jedem Benutzer verwendeten Browser gespeichert werden &#8211; auf den verschiedenen Ger\u00e4ten, mit denen er navigieren kann -, damit sich der Server bestimmte Informationen merkt, die sp\u00e4ter und nur der Server, der sie implementiert hat, [&hellip;]<\/p>\n","protected":false},"author":1,"featured_media":0,"parent":0,"menu_order":0,"comment_status":"closed","ping_status":"closed","template":"","meta":{"_acf_changed":false,"footnotes":""},"class_list":["post-41336","page","type-page","status-publish","hentry"],"acf":[],"_links":{"self":[{"href":"https:\/\/www.primaboats.com\/de\/wp-json\/wp\/v2\/pages\/41336","targetHints":{"allow":["GET"]}}],"collection":[{"href":"https:\/\/www.primaboats.com\/de\/wp-json\/wp\/v2\/pages"}],"about":[{"href":"https:\/\/www.primaboats.com\/de\/wp-json\/wp\/v2\/types\/page"}],"author":[{"embeddable":true,"href":"https:\/\/www.primaboats.com\/de\/wp-json\/wp\/v2\/users\/1"}],"replies":[{"embeddable":true,"href":"https:\/\/www.primaboats.com\/de\/wp-json\/wp\/v2\/comments?post=41336"}],"version-history":[{"count":2,"href":"https:\/\/www.primaboats.com\/de\/wp-json\/wp\/v2\/pages\/41336\/revisions"}],"predecessor-version":[{"id":41344,"href":"https:\/\/www.primaboats.com\/de\/wp-json\/wp\/v2\/pages\/41336\/revisions\/41344"}],"wp:attachment":[{"href":"https:\/\/www.primaboats.com\/de\/wp-json\/wp\/v2\/media?parent=41336"}],"curies":[{"name":"wp","href":"https:\/\/api.w.org\/{rel}","templated":true}]}}