{"id":41334,"date":"2020-12-16T10:27:50","date_gmt":"2020-12-16T10:27:50","guid":{"rendered":"http:\/\/www.primaboats.com\/politica-de-privacidad\/"},"modified":"2020-12-16T12:51:42","modified_gmt":"2020-12-16T12:51:42","slug":"politica-de-privacidad","status":"publish","type":"page","link":"https:\/\/www.primaboats.com\/de\/politica-de-privacidad\/","title":{"rendered":"Datenschutz-Bestimmungen"},"content":{"rendered":"<section class=\" custom-desktop-padding\" ><div class=\"container\"><div class=\"row\"><div class=\"wpb_column vc_column_container col-xs-mobile-fullwidth\"><div class=\"vc-column-innner-wrapper\"><p><strong>I. DATENSCHUTZ- UND DATENSCHUTZRICHTLINIE<\/strong><\/p>\n<p>Unter Beachtung der Bestimmungen der geltenden Gesetzgebung verpflichtet sich primaboats.com (im Folgenden auch die Website), die erforderlichen technischen und organisatorischen Ma\u00dfnahmen entsprechend dem Sicherheitsniveau zu ergreifen, das dem Risiko der gesammelten Daten angemessen ist.<br \/>\nIn dieser Datenschutzrichtlinie enthaltene Gesetze<br \/>\nDiese Datenschutzrichtlinie entspricht den aktuellen spanischen und europ\u00e4ischen Vorschriften zum Schutz personenbezogener Daten im Internet. Insbesondere werden die folgenden Regeln beachtet:<\/p>\n<p>Verordnung (EU) 2016\/679 des Europ\u00e4ischen Parlaments und des Rates vom 27. April 2016 \u00fcber den Schutz nat\u00fcrlicher Personen bei der Verarbeitung personenbezogener Daten und den freien Verkehr dieser Daten (RGPD).<br \/>\nOrganisches Gesetz 3\/2018 vom 5. Dezember zum Schutz personenbezogener Daten und zur Gew\u00e4hrleistung digitaler Rechte (LOPD-GDD).<br \/>\nK\u00f6nigliches Dekret 1720\/2007 vom 21. Dezember, mit dem die Bestimmungen zur Entwicklung des Organgesetzes 15\/1999 vom 13. Dezember zum Schutz personenbezogener Daten (RDLOPD) genehmigt werden.<br \/>\nGesetz 34\/2002 vom 11. Juli \u00fcber Dienstleistungen der Informationsgesellschaft und des elektronischen Handels (LSSI-CE).<br \/>\nIdentit\u00e4t der Person, die f\u00fcr die Verarbeitung personenbezogener Daten verantwortlich ist<br \/>\nDie Person, die f\u00fcr die Verarbeitung der auf primaboats.com gesammelten personenbezogenen Daten verantwortlich ist, ist: PRIMA BARCOS S.L.U (im Folgenden f\u00fcr die Behandlung verantwortlich). Ihre Kontaktdaten lauten wie folgt:<\/p>\n<p>PRIMA BARCOS S.L.U.<br \/>\nAVDA. GABRIEL ROCA, 14, LOKAL 2, PORT D'ANDRATX, 07157 (MALLORCA)<br \/>\nTel.: +34 971 673 447<br \/>\nMobil: +34 609 603 005<br \/>\nE-Mail: info@primaboats.com<\/p>\n<p><strong>Aufzeichnung personenbezogener Daten<\/strong><br \/>\nIn \u00dcbereinstimmung mit den Bestimmungen des RGPD und des LOPD-GDD teilen wir Ihnen mit, dass die von primaboats.com \u00fcber die auf seinen Seiten erweiterten Formularen gesammelten personenbezogenen Daten in unsere Datei aufgenommen und behandelt werden, um dies zu erleichtern, zu beschleunigen und zu erleichtern Befolgen Sie die in primeboats.comhop und dem Benutzer festgelegten Verpflichtungen oder die Aufrechterhaltung der Beziehung, die in den von ihm ausgef\u00fcllten Formularen festgelegt ist, oder nehmen Sie an einer Anfrage oder Anfrage desselben teil. Ebenso wird gem\u00e4\u00df den Bestimmungen des RGPD und des LOPD-GDD, sofern nicht die in Artikel 30.5 des RGPD vorgesehene Ausnahme anwendbar ist, eine Aufzeichnung der Behandlungst\u00e4tigkeiten gef\u00fchrt, in der die Behandlungsaktivit\u00e4ten entsprechend ihren Zwecken angegeben sind durchgef\u00fchrt und die anderen in der RGPD festgelegten Umst\u00e4nde.<\/p>\n<p><strong>Grunds\u00e4tze f\u00fcr die Verarbeitung personenbezogener Daten<\/strong><br \/>\nDie Verarbeitung der personenbezogenen Daten des Nutzers unterliegt den folgenden Grunds\u00e4tzen, die in Artikel 5 des RGPD sowie in Artikel 4 und im Anschluss an das Organische Gesetz 3\/2018 vom 5. Dezember zum Schutz personenbezogener Daten und zur Gew\u00e4hrleistung der digitale Rechte:<\/p>\n<p><strong>Grundsatz der Rechtm\u00e4\u00dfigkeit, Loyalit\u00e4t und Transparenz:<\/strong> Die Zustimmung des Nutzers ist jederzeit erforderlich, bevor vollst\u00e4ndig transparente Informationen \u00fcber die Zwecke, f\u00fcr die die personenbezogenen Daten erhoben werden, vorliegen.<br \/>\nGrundsatz der Zweckbeschr\u00e4nkung: Personenbezogene Daten werden f\u00fcr bestimmte, explizite und legitime Zwecke erhoben.<br \/>\n<strong>Prinzip der Datenminimierung:<\/strong> Die erhobenen personenbezogenen Daten sind nur in Bezug auf die Zwecke, f\u00fcr die sie verarbeitet werden, unbedingt erforderlich.<br \/>\n<strong>Grundsatz der Richtigkeit:<\/strong> Personenbezogene Daten m\u00fcssen zutreffend und stets aktuell sein.<br \/>\n<strong>Grundsatz der Begrenzung der Aufbewahrungsfrist:<\/strong> Personenbezogene Daten werden nur so gespeichert, dass der Benutzer f\u00fcr die f\u00fcr seine Behandlung erforderliche Zeit identifiziert werden kann.<br \/>\n<strong>Grundsatz der Integrit\u00e4t und Vertraulichkeit:<\/strong> Personenbezogene Daten werden so behandelt, dass ihre Sicherheit und Vertraulichkeit gew\u00e4hrleistet ist.<br \/>\n<strong>Prinzip der proaktiven Verantwortung:<\/strong> Der Datenverantwortliche ist daf\u00fcr verantwortlich, dass die oben genannten Prinzipien eingehalten werden.<br \/>\nKategorien personenbezogener Daten<br \/>\nDie Datenkategorien, die in primaboats.com behandelt werden, identifizieren nur Daten. In keinem Fall werden spezielle Kategorien personenbezogener Daten im Sinne von Artikel 9 RGPD verarbeitet.<\/p>\n<p>Rechtsgrundlage f\u00fcr die Verarbeitung personenbezogener Daten<br \/>\nRechtsgrundlage f\u00fcr die Verarbeitung personenbezogener Daten ist die Einwilligung. primaboats.com verpflichtet sich, die ausdr\u00fcckliche und \u00fcberpr\u00fcfbare Zustimmung des Nutzers zur Verarbeitung seiner personenbezogenen Daten f\u00fcr einen oder mehrere bestimmte Zwecke einzuholen.<\/p>\n<p>Der Nutzer hat das Recht, seine Einwilligung jederzeit zu widerrufen. Es wird genauso einfach sein, die Zustimmung zu widerrufen wie sie zu erteilen. Der Widerruf der Einwilligung setzt in der Regel keine Nutzung der Website voraus.<\/p>\n<p>In den F\u00e4llen, in denen der Benutzer seine Daten \u00fcber Formulare bereitstellen muss oder darf, um Anfragen zu stellen, Informationen anzufordern oder aus Gr\u00fcnden, die mit dem Inhalt der Website zusammenh\u00e4ngen, werden sie informiert, falls das Ausf\u00fcllen eines dieser Formulare obligatorisch ist weil die mi<\/p>\n<\/div><\/div><\/div><\/div><\/section>","protected":false},"excerpt":{"rendered":"<p>I. DATENSCHUTZ- UND DATENSCHUTZRICHTLINIE Unter Beachtung der Bestimmungen der geltenden Gesetzgebung verpflichtet sich primaboats.com (im Folgenden auch die Website), die erforderlichen technischen und organisatorischen Ma\u00dfnahmen entsprechend dem Sicherheitsniveau zu ergreifen, das dem Risiko der gesammelten Daten angemessen ist. In dieser Datenschutzrichtlinie enthaltene Gesetze Diese Datenschutzrichtlinie entspricht den aktuellen spanischen und europ\u00e4ischen Vorschriften zum Schutz personenbezogener [&hellip;]<\/p>\n","protected":false},"author":1,"featured_media":0,"parent":0,"menu_order":0,"comment_status":"closed","ping_status":"closed","template":"","meta":{"_acf_changed":false,"footnotes":""},"class_list":["post-41334","page","type-page","status-publish","hentry"],"acf":[],"_links":{"self":[{"href":"https:\/\/www.primaboats.com\/de\/wp-json\/wp\/v2\/pages\/41334","targetHints":{"allow":["GET"]}}],"collection":[{"href":"https:\/\/www.primaboats.com\/de\/wp-json\/wp\/v2\/pages"}],"about":[{"href":"https:\/\/www.primaboats.com\/de\/wp-json\/wp\/v2\/types\/page"}],"author":[{"embeddable":true,"href":"https:\/\/www.primaboats.com\/de\/wp-json\/wp\/v2\/users\/1"}],"replies":[{"embeddable":true,"href":"https:\/\/www.primaboats.com\/de\/wp-json\/wp\/v2\/comments?post=41334"}],"version-history":[{"count":4,"href":"https:\/\/www.primaboats.com\/de\/wp-json\/wp\/v2\/pages\/41334\/revisions"}],"predecessor-version":[{"id":41357,"href":"https:\/\/www.primaboats.com\/de\/wp-json\/wp\/v2\/pages\/41334\/revisions\/41357"}],"wp:attachment":[{"href":"https:\/\/www.primaboats.com\/de\/wp-json\/wp\/v2\/media?parent=41334"}],"curies":[{"name":"wp","href":"https:\/\/api.w.org\/{rel}","templated":true}]}}