{"id":17242,"date":"2015-08-10T11:12:25","date_gmt":"2015-08-10T11:12:25","guid":{"rendered":"http:\/\/www.primaboats.com\/home\/?lang=de"},"modified":"2026-03-25T16:27:46","modified_gmt":"2026-03-25T16:27:46","slug":"home","status":"publish","type":"page","link":"https:\/\/www.primaboats.com\/de\/","title":{"rendered":"Home"},"content":{"rendered":"<section class=\" no-padding\" ><div class=\"wpb_column vc_column_container clear-both col-xs-mobile-fullwidth center-col\"><div class=\"vc-column-innner-wrapper\"><div id=\"home-architecture\" class=\"owl-carousel owl-theme  round-pagination light-pagination dark-navigation no-cursor home-architecture\"><div class=\"item owl-bg-img\"  style=\"background-image:url(https:\/\/www.primaboats.com\/wp-content\/uploads\/2015\/08\/alessandro_1c.jpeg)\"><div class=\"slider-overlay bg-slider\"><\/div><div class=\"container full-screen position-relative\"><div class=\"slider-typography\"><div class=\"slider-text-middle-main\"><div class=\"slider-text-middle\"><h1 style=\"color: #fff;\">Boots und Yachtverleih auf Mallorca<\/h1>\n<a class=\"btn-small-white btn margin-five-top no-margin-bottom inner-link margin-lr-10px\" href=\"https:\/\/www.primaboats.com\/de\/portfolio-category\/yates\/\" target=\"_self\">Yachtvermietung<\/a><a class=\"btn-small-white btn margin-five-top no-margin-bottom inner-link margin-lr-10px\" href=\"https:\/\/www.primaboats.com\/de\/portfolio-category\/alquiler-lanchas-mallorca\/\" target=\"_self\">Bootsverleih<\/a><\/div><\/div><\/div><\/div><\/div><\/div>        <script type=\"text\/javascript\">jQuery(document).ready(function () { jQuery(\"#home-architecture\").owlCarousel({ navigation: false,pagination: true,transitionStyle: \"fade\",autoPlay: false,stopOnHover: false, addClassActive: false, singleItem: true,paginationSpeed: 400,navigationText: [\"<i class='fa fa-angle-left'><\/i>\", \"<i class='fa fa-angle-right'><\/i>\"] }); });<\/script>\n    \t<\/div><\/div><\/section><section class=\"\"  style=\" background-color:#f4f4f4; \"><div class=\"container\"><div class=\"row\"><div class=\"wpb_column vc_column_container mb-h2 col-md-4 col-xs-mobile-fullwidth col-sm-12 sm-text-center sm-margin-ten-bottom\"><div class=\"vc-column-innner-wrapper\"><h2 class=\"title-med no-padding-bottom letter-spacing-2 font-weight-700\" >Warum sollten Sie sich bei Ihrer Boots- und Yachtvermietung auf Mallorca f\u00fcr uns entscheiden?<\/h2><p>Wir sind ein Team von Profis mit langj\u00e4hriger Erfahrung im Boots- und Yachtverleih auf Mallorca und stehen Ihnen jederzeit gerne zur Verf\u00fcgung. Sie erreichen uns in unserem B\u00fcro in Puerto de Andratx montags bis freitags von 9:00 bis 14:00 Uhr und von 15:00 bis 18:00 Uhr in der Nebensaison sowie von 9:00 bis 14:00 Uhr und von 16:00 bis 19:00 Uhr in der Hauptsaison.<\/p>\n<p>Wir bieten Ihnen einen 24-Stunden-Bootsverleih auf Mallorca, damit Sie jederzeit das Meer genie\u00dfen und unvergessliche Erlebnisse sammeln k\u00f6nnen.<\/p>\n<\/div><\/div><div class=\"wpb_column vc_column_container col-md-offset-2 col-md-2 col-xs-mobile-fullwidth col-sm-4 text-center margin-three xs-margin-ten-bottom\"><div class=\"vc-column-innner-wrapper\"><i class=\"icon-anchor medium-icon display-block\" style=\"color:#000000;\"><\/i><span class=\"h1 font-weight-600 margin-five no-margin-bottom\" >30+<\/h1><p class=\"text-uppercase letter-spacing-2 text-small margin-three\" style=\"color:#000000;\">Schiffe<\/p><\/div><\/div><div class=\"wpb_column vc_column_container col-md-2 col-xs-mobile-fullwidth col-sm-4 text-center margin-three xs-margin-ten-bottom\"><div class=\"vc-column-innner-wrapper\"><i class=\"icon-clock medium-icon display-block\" style=\"color:#000000;\"><\/i><span class=\"h1 font-weight-600 margin-five no-margin-bottom\" >24H<\/h1><p class=\"text-uppercase letter-spacing-2 text-small margin-three\" style=\"color:#000000;\">Charterdienst<\/p><\/div><\/div><div class=\"wpb_column vc_column_container col-md-2 col-xs-mobile-fullwidth col-sm-4 text-center margin-three\"><div class=\"vc-column-innner-wrapper\"><i class=\"icon-shield medium-icon display-block\" style=\"color:#000000;\"><\/i><span class=\"h1 font-weight-600 margin-five no-margin-bottom\" >587+<\/h1><p class=\"text-uppercase letter-spacing-2 text-small margin-three\" style=\"color:#000000;\">Vermietungen<\/p><\/div><\/div><\/div><\/div><\/section><section  ><div class=\"container\"><div class=\"row\"><div class=\"wpb_column vc_column_container col-md-12 col-xs-mobile-fullwidth col-sm-12 text-center center-col margin-four-bottom\"><div class=\"vc-column-innner-wrapper\"><div  class=\" mb-h2  \" ><h2 style=\"text-align: center;\">Erstklassige Boote und Yachten zur Miete auf Mallorca<\/h2>\n<p style=\"text-align: center;\">Erleben Sie luxuri\u00f6ses Segeln auf Mallorca mit unserer Auswahl an Yachten und Booten, die sich perfekt f\u00fcr jedes maritime Abenteuer eignen.<\/p>\n<\/div><\/div><\/div><div class=\"wpb_column vc_column_container col-md-3 col-xs-mobile-fullwidth col-sm-6 text-center sm-margin-four-bottom\"><div class=\"vc-column-innner-wrapper\"><div class=\"travel-adventure overflow-hidden position-relative \" ><a href=\"https:\/\/www.primaboats.com\/de\/portfolio\/rodman-41-3\/\"><img loading=\"lazy\" decoding=\"async\" src=\"https:\/\/www.primaboats.com\/wp-content\/uploads\/2026\/03\/Roadman-Fly-Yacht-2.jpeg\" alt=\"-\" width=\"600\" height=\"400\" title=\"\"><\/a><figure class=\"text-large letter-spacing-3\" >Yate Rodman R 41 Fly<\/figure><\/div><\/div><\/div><div class=\"wpb_column vc_column_container col-md-3 col-xs-mobile-fullwidth col-sm-6 text-center sm-margin-four-bottom\"><div class=\"vc-column-innner-wrapper\"><div class=\"travel-adventure overflow-hidden position-relative \" ><a href=\"https:\/\/www.primaboats.com\/de\/portfolio\/menorquin-160\/\"><img loading=\"lazy\" decoding=\"async\" src=\"https:\/\/www.primaboats.com\/wp-content\/uploads\/2026\/03\/Menorquin-Yacht-160.jpg\" alt=\"-\" width=\"600\" height=\"400\" title=\"\"><\/a><figure class=\"text-large letter-spacing-3\" >Barco Menorquin 160<\/figure><\/div><\/div><\/div><div class=\"wpb_column vc_column_container col-md-3 col-xs-mobile-fullwidth col-sm-6 text-center xs-margin-four-bottom\"><div class=\"vc-column-innner-wrapper\"><div class=\"travel-adventure overflow-hidden position-relative \" ><a href=\"https:\/\/www.primaboats.com\/de\/portfolio\/tecnomar-43\/\"><img loading=\"lazy\" decoding=\"async\" src=\"https:\/\/www.primaboats.com\/wp-content\/uploads\/2026\/03\/Tecnomar-43-yacht.jpg\" alt=\"-\" width=\"600\" height=\"400\" title=\"\"><\/a><figure class=\"text-large letter-spacing-3\" >Yate Tecnomar 43<\/figure><\/div><\/div><\/div><div class=\"wpb_column vc_column_container col-md-3 col-xs-mobile-fullwidth col-sm-6 text-center xs-margin-four-bottom\"><div class=\"vc-column-innner-wrapper\"><div class=\"travel-adventure overflow-hidden position-relative \" ><a href=\"https:\/\/www.primaboats.com\/de\/portfolio\/fjord-52\/\"><img loading=\"lazy\" decoding=\"async\" src=\"https:\/\/www.primaboats.com\/wp-content\/uploads\/2026\/03\/FJORD-52-yacht.jpg\" alt=\"-\" width=\"600\" height=\"400\" title=\"\"><\/a><figure class=\"text-large letter-spacing-3\" >Barco FJORD 52<\/figure><\/div><\/div><\/div><\/div><\/div><\/section><section class=\"container-reviews no-padding-bottom sm-no-padding-bottom xs-no-padding-bottom\" ><div class=\"container\"><div class=\"row\"><div class=\"wpb_column vc_column_container col-xs-mobile-fullwidth col-sm-12\"><div class=\"vc-column-innner-wrapper\"><h2 style=\"text-align: center;\">Kundenrezensionen<\/h2>\n<p><script defer async src='https:\/\/cdn.trustindex.io\/loader.js?c281cb2570951039c15660f906a'><\/script><\/p>\n<\/div><\/div><\/div><\/div><\/section><section  ><div class=\"container\"><div class=\"row\"><div class=\"wpb_column vc_column_container col-md-12 col-xs-mobile-fullwidth col-sm-12 text-center center-col margin-four-bottom\"><div class=\"vc-column-innner-wrapper\"><div  class=\" mb-h2  \" ><h2 style=\"text-align: center;\">Exklusive Flotte f\u00fcr Boots- und Yachtvermietung auf Mallorca<\/h2>\n<p>Unsere Flotte vereint Eleganz, Sicherheit und Komfort. W\u00e4hlen Sie aus einer gro\u00dfen Auswahl an Booten, Segelbooten und Yachten auf Mallorca, die Sie chartern oder kaufen k\u00f6nnen. Jedes Schiff wird sorgf\u00e4ltig gewartet, um Ihnen ein unvergleichliches Segelerlebnis zu bieten.<\/p>\n<\/div><\/div><\/div><div class=\"wpb_column vc_column_container col-md-3 col-xs-mobile-fullwidth col-sm-6 text-center sm-margin-four-bottom\"><div class=\"vc-column-innner-wrapper\"><div class=\"travel-adventure overflow-hidden position-relative \" ><a href=\"https:\/\/www.primaboats.com\/portfolio-category\/yates\/\"><img loading=\"lazy\" decoding=\"async\" src=\"https:\/\/www.primaboats.com\/wp-content\/uploads\/2015\/08\/GIAOLALU-Main-e1465206853911.jpg\" alt=\"-\" width=\"600\" height=\"400\" title=\"\"><\/a><figure class=\"text-large letter-spacing-3\" >Alquiler Yates en Mallorca<\/figure><\/div><\/div><\/div><div class=\"wpb_column vc_column_container col-md-3 col-xs-mobile-fullwidth col-sm-6 text-center sm-margin-four-bottom\"><div class=\"vc-column-innner-wrapper\"><div class=\"travel-adventure overflow-hidden position-relative \" ><a href=\"https:\/\/www.primaboats.com\/alquiler\/\"><img loading=\"lazy\" decoding=\"async\" src=\"https:\/\/www.primaboats.com\/wp-content\/uploads\/2015\/08\/llaut-formentera_01-e1465206805264.jpg\" alt=\"-\" width=\"600\" height=\"400\" title=\"\"><\/a><figure class=\"text-large letter-spacing-3\" >Alquiler de Barcos en Mallorca<\/figure><\/div><\/div><\/div><div class=\"wpb_column vc_column_container col-md-3 col-xs-mobile-fullwidth col-sm-6 text-center xs-margin-four-bottom\"><div class=\"vc-column-innner-wrapper\"><div class=\"travel-adventure overflow-hidden position-relative \" ><a href=\"https:\/\/www.primaboats.com\/portfolio-category\/alquiler-veleros-mallorca\/\"><img loading=\"lazy\" decoding=\"async\" src=\"https:\/\/www.primaboats.com\/wp-content\/uploads\/2015\/08\/velero-atardecer-e1465206944853.jpg\" alt=\"-\" width=\"600\" height=\"400\" title=\"\"><\/a><figure class=\"text-large letter-spacing-3\" >Alquiler Veleros en Mallorca<\/figure><\/div><\/div><\/div><div class=\"wpb_column vc_column_container col-md-3 col-xs-mobile-fullwidth col-sm-6 text-center xs-margin-four-bottom\"><div class=\"vc-column-innner-wrapper\"><div class=\"travel-adventure overflow-hidden position-relative \" ><a href=\"https:\/\/www.primaboats.com\/portfolio-category\/motoras\/\"><img loading=\"lazy\" decoding=\"async\" src=\"https:\/\/www.primaboats.com\/wp-content\/uploads\/2025\/10\/Venta-de-barcos-en-Mallorca.webp\" alt=\"-\" width=\"600\" height=\"400\" title=\"\"><\/a><figure class=\"text-large letter-spacing-3\" >Venta de barcos en Mallorca<\/figure><\/div><\/div><\/div><\/div><\/div><\/section><section id=\"offshore_navigation_section\" class=\"\"  style=\" background-color:#f2f2f2; \"><div class=\"container\"><div class=\"row\"><div class=\"wpb_column vc_column_container col-xs-mobile-fullwidth col-sm-6\"><div class=\"vc-column-innner-wrapper\"><div  class=\" mb-h2  \" ><h2>HOCHSEESEGELN<\/h2>\n<p class=\"p1\">Aus der Seefahrertradition heraus ist das Projekt des\u00a0<strong>Hochseesegeln<\/strong>\u00a0- des Charters - entstanden. Die Liebe und Leidenschaft f\u00fcr das Meer f\u00fchren uns zu dem begehrten Traum von einem Leben an der Mittelmeerk\u00fcste. Die Welt und die Kulturen entdecken, wie es unsere Vorfahren taten, die Natur und den gesamten Lebensraum der Unterwasserwelt zu erkunden.<span class=\"Apple-converted-space\">\u00a0<\/span><\/p>\n<p class=\"p1\">Die M\u00f6glichkeit, an der f\u00fcr Sie attraktivsten Stelle unseres Landes an Bord zu gehen. Eine\u00a0<strong>fr\u00f6hliche und sichere Seefahrt<\/strong>\u00a0auf einem speziellen Boot f\u00fcr diesen Anlass.<\/p>\n<\/div><a  href=\"http:\/\/www.primaboats.com\/de\/hochseesegeln\/\" target=\"_self\" class=\"inner-link highlight-button-dark btn-medium  button btn\">Mehr sehen<\/a><\/div><\/div><div class=\"wpb_column vc_column_container col-xs-mobile-fullwidth col-sm-6\"><div class=\"vc-column-innner-wrapper\"><img loading=\"lazy\" decoding=\"async\" src=\"https:\/\/www.primaboats.com\/wp-content\/uploads\/2022\/08\/primaboats-cigale-exterior-5-1.jpg\" width=\"1920\" height=\"1536\" alt=\"-\" title=\"\"><\/div><\/div><\/div><\/div><\/section><section  ><div class=\"container\"><div class=\"row\"><div class=\"wpb_column vc_column_container col-xs-mobile-fullwidth col-sm-12\"><div class=\"vc-column-innner-wrapper\"><div  class=\" padding-four-bottom \" ><h2 style=\"text-align: center;\">H\u00e4ufig gestellte Fragen zu Boots- und Yachtvermietungen auf Mallorca<\/h2>\n<\/div><div class=\"accordion accordion-style1 w-100\" id=\"1761753501\"><div class=\"accordion-item\"><div class=\"panel-heading \"><a data-toggle=\"collapse\" data-parent=\"#1761753501\" href=\"#accordian-panel-1\" class=\"accordion-toggle\"><h3 class=\"panel-title\" >Was beinhaltet der Boots- und Yachtverleih auf Mallorca?<\/h3><\/a><\/div><div id=\"accordian-panel-1\" class=\"panel-collapse collapse \"><div class=\"panel-body\"><p>Im Mietpreis enthalten sind das Boot, die obligatorische Versicherung und die Grundreinigung. In manchen F\u00e4llen k\u00f6nnen auch ein Skipper, Treibstoff oder zus\u00e4tzliche Serviceleistungen inbegriffen sein.<\/p>\n<\/div><\/div><\/div><div class=\"accordion-item\"><div class=\"panel-heading \"><a data-toggle=\"collapse\" data-parent=\"#1761753501\" href=\"#accordian-panel-2\" class=\"accordion-toggle\"><h3 class=\"panel-title\" >Was ben\u00f6tige ich, um in Mallorca ein Boot oder eine Yacht zu mieten?<\/h3><\/a><\/div><div id=\"accordian-panel-2\" class=\"panel-collapse collapse \"><div class=\"panel-body\"><p>Sie ben\u00f6tigen weder einen F\u00fchrerschein noch Vorkenntnisse, denn wir bieten Boots- und Yachtvermietung auf Mallorca mit professionellem Skipper an. W\u00e4hlen Sie einfach Ihr Wunschboot, und wir k\u00fcmmern uns um alles Weitere, damit Sie ein sicheres, komfortables und ganz individuelles Segelerlebnis entlang der mallorquinischen K\u00fcste genie\u00dfen k\u00f6nnen.<\/p>\n<\/div><\/div><\/div><div class=\"accordion-item\"><div class=\"panel-heading \"><a data-toggle=\"collapse\" data-parent=\"#1761753501\" href=\"#accordian-panel-3\" class=\"accordion-toggle\"><h3 class=\"panel-title\" >Worin besteht der Unterschied zwischen dem Mieten eines Bootes und einer Yacht auf Mallorca?<\/h3><\/a><\/div><div id=\"accordian-panel-3\" class=\"panel-collapse collapse \"><div class=\"panel-body\"><p>Bootsvermietungen eignen sich ideal f\u00fcr Ausfl\u00fcge oder Kurzurlaube; Yachtvermietungen bieten mehr Luxus, Platz und Premium-Service.<\/p>\n<\/div><\/div><\/div><div class=\"accordion-item\"><div class=\"panel-heading \"><a data-toggle=\"collapse\" data-parent=\"#1761753501\" href=\"#accordian-panel-4\" class=\"accordion-toggle\"><h3 class=\"panel-title\" >Wo befinden sich die Schiffe von Prima Boats?<\/h3><\/a><\/div><div id=\"accordian-panel-4\" class=\"panel-collapse collapse \"><div class=\"panel-body\"><p>Unsere Flotte befindet sich im Hafen von Andratx (Mallorca), Portals Nous und Palma de Mallorca, einem strategischen Ausgangspunkt, um die sch\u00f6nsten Buchten und Str\u00e4nde der Insel zu erkunden.<\/p>\n<\/div><\/div><\/div><div class=\"accordion-item\"><div class=\"panel-heading \"><a data-toggle=\"collapse\" data-parent=\"#1761753501\" href=\"#accordian-panel-5\" class=\"accordion-toggle\"><h3 class=\"panel-title\" >Wie weit im Voraus sollte ich mein Boot oder meine Yacht auf Mallorca buchen?<\/h3><\/a><\/div><div id=\"accordian-panel-5\" class=\"panel-collapse collapse \"><div class=\"panel-body\"><p>In der Hauptsaison empfehlen wir, mindestens zwei Wochen im Voraus zu buchen, um die Verf\u00fcgbarkeit zu garantieren.<\/p>\n<\/div><\/div><\/div><div class=\"accordion-item\"><div class=\"panel-heading \"><a data-toggle=\"collapse\" data-parent=\"#1761753501\" href=\"#accordian-panel-6\" class=\"accordion-toggle\"><h3 class=\"panel-title\" >Ist es notwendig, beim Mieten eines Bootes eine Kaution zu hinterlegen?<\/h3><\/a><\/div><div id=\"accordian-panel-6\" class=\"panel-collapse collapse \"><div class=\"panel-body\"><p>Ja, eine r\u00fcckzahlbare Kaution ist erforderlich, deren H\u00f6he vom Schiffstyp abh\u00e4ngt.<\/p>\n<\/div><\/div><\/div><div class=\"accordion-item\"><div class=\"panel-heading \"><a data-toggle=\"collapse\" data-parent=\"#1761753501\" href=\"#accordian-panel-7\" class=\"accordion-toggle\"><h3 class=\"panel-title\" >Bieten Sie Bootsvermietung auf Mallorca mit zus\u00e4tzlichen Serviceleistungen an?<\/h3><\/a><\/div><div id=\"accordian-panel-7\" class=\"panel-collapse collapse \"><div class=\"panel-body\"><p>Ja, wir bieten zus\u00e4tzliche Serviceleistungen wie Catering, individuelle Routen, Restaurantreservierungen und Wasserspielzeug an.<\/p>\n<\/div><\/div><\/div><\/div><\/div><\/div><\/div><\/div><\/section><section id=\"contact-us\" class=\" no-padding-top sm-no-padding-top xs-no-padding-top\" ><div class=\"container\"><div class=\"row\"><div class=\"wpb_column vc_column_container mb-h2 col-md-6 col-xs-12\"><div class=\"vc-column-innner-wrapper\"><h2>Kontaktieren Sie uns, um Ihr Boot oder Ihre Yacht in Port d'Andratx zu mieten.<\/h2>\n<p class=\"text-med text-uppercase letter-spacing-1 black-text font-weight-600\">Avda. Almudaina, 8<br \/>\nPORT D'ANDRATX<br \/>\n07157 (MALLORCA)<\/p>\n<p>Tel.: <a href=\"tel:+971673447\">+34 971 673 447<\/a><br \/>\nMobile: <a href=\"tel:+34609603005\">+34 609 603 005<\/a><br \/>\nEmail: <a href=\"mailto:info@primaboats.com\">info@primaboats.com<\/a><\/p>\n<\/div><\/div><div class=\"wpb_column vc_column_container col-md-6 col-xs-12 col-sm-12 xs-padding-five-top\"><div class=\"vc-column-innner-wrapper\">\n<div class=\"wpcf7 no-js\" id=\"wpcf7-f17868-o1\" lang=\"es-ES\" dir=\"ltr\" data-wpcf7-id=\"17868\">\n<div class=\"screen-reader-response\"><p role=\"status\" aria-live=\"polite\" aria-atomic=\"true\"><\/p> <ul><\/ul><\/div>\n<form action=\"\/de\/wp-json\/wp\/v2\/pages\/17242#wpcf7-f17868-o1\" method=\"post\" class=\"wpcf7-form init\" aria-label=\"Contact form\" novalidate=\"novalidate\" data-status=\"init\">\n<fieldset class=\"hidden-fields-container\"><input type=\"hidden\" name=\"_wpcf7\" value=\"17868\" \/><input type=\"hidden\" name=\"_wpcf7_version\" value=\"6.1.2\" \/><input type=\"hidden\" name=\"_wpcf7_locale\" value=\"es_ES\" \/><input type=\"hidden\" name=\"_wpcf7_unit_tag\" value=\"wpcf7-f17868-o1\" \/><input type=\"hidden\" name=\"_wpcf7_container_post\" value=\"0\" \/><input type=\"hidden\" name=\"_wpcf7_posted_data_hash\" value=\"\" \/><input type=\"hidden\" name=\"_wpcf7_recaptcha_response\" value=\"\" \/>\n<\/fieldset>\n<p>Nombre (requerido)\n<\/p>\n<p><span class=\"wpcf7-form-control-wrap\" data-name=\"your-name\"><input size=\"40\" maxlength=\"400\" class=\"wpcf7-form-control wpcf7-text wpcf7-validates-as-required\" aria-required=\"true\" aria-invalid=\"false\" value=\"\" type=\"text\" name=\"your-name\" \/><\/span>\n<\/p>\n<p>Correo electr\u00f3nico (requerido)\n<\/p>\n<p><span class=\"wpcf7-form-control-wrap\" data-name=\"your-email\"><input size=\"40\" maxlength=\"400\" class=\"wpcf7-form-control wpcf7-email wpcf7-validates-as-required wpcf7-text wpcf7-validates-as-email\" aria-required=\"true\" aria-invalid=\"false\" value=\"\" type=\"email\" name=\"your-email\" \/><\/span>\n<\/p>\n<p>Asunto\n<\/p>\n<p><span class=\"wpcf7-form-control-wrap\" data-name=\"your-subject\"><input size=\"40\" maxlength=\"400\" class=\"wpcf7-form-control wpcf7-text\" aria-invalid=\"false\" value=\"\" type=\"text\" name=\"your-subject\" \/><\/span>\n<\/p>\n<p>Mensaje\n<\/p>\n<p><span class=\"wpcf7-form-control-wrap\" data-name=\"your-message\"><textarea cols=\"40\" rows=\"10\" maxlength=\"2000\" class=\"wpcf7-form-control wpcf7-textarea\" aria-invalid=\"false\" name=\"your-message\"><\/textarea><\/span>\n<\/p>\n<p><input class=\"wpcf7-form-control wpcf7-submit has-spinner\" type=\"submit\" value=\"Enviar\" \/>\n<\/p><div class=\"wpcf7-response-output\" aria-hidden=\"true\"><\/div>\n<\/form>\n<\/div>\n<\/div><\/div><\/div><\/div><\/section><div class=\"wpb_column vc_column_container col-xs-mobile-fullwidth col-sm-12\"><div class=\"vc-column-innner-wrapper\"><\/div><\/div>","protected":false},"excerpt":{"rendered":"<p>Boots und Yachtverleih auf Mallorca YachtvermietungBootsverleih Warum sollten Sie sich bei Ihrer Boots- und Yachtvermietung auf Mallorca f\u00fcr uns entscheiden?Wir sind ein Team von Profis mit langj\u00e4hriger Erfahrung im Boots- und Yachtverleih auf Mallorca und stehen Ihnen jederzeit gerne zur Verf\u00fcgung. Sie erreichen uns in unserem B\u00fcro in Puerto de Andratx montags bis freitags von [&hellip;]<\/p>\n","protected":false},"author":3,"featured_media":0,"parent":0,"menu_order":0,"comment_status":"closed","ping_status":"closed","template":"","meta":{"_acf_changed":false,"footnotes":""},"class_list":["post-17242","page","type-page","status-publish","hentry"],"acf":[],"_links":{"self":[{"href":"https:\/\/www.primaboats.com\/de\/wp-json\/wp\/v2\/pages\/17242","targetHints":{"allow":["GET"]}}],"collection":[{"href":"https:\/\/www.primaboats.com\/de\/wp-json\/wp\/v2\/pages"}],"about":[{"href":"https:\/\/www.primaboats.com\/de\/wp-json\/wp\/v2\/types\/page"}],"author":[{"embeddable":true,"href":"https:\/\/www.primaboats.com\/de\/wp-json\/wp\/v2\/users\/3"}],"replies":[{"embeddable":true,"href":"https:\/\/www.primaboats.com\/de\/wp-json\/wp\/v2\/comments?post=17242"}],"version-history":[{"count":28,"href":"https:\/\/www.primaboats.com\/de\/wp-json\/wp\/v2\/pages\/17242\/revisions"}],"predecessor-version":[{"id":111886,"href":"https:\/\/www.primaboats.com\/de\/wp-json\/wp\/v2\/pages\/17242\/revisions\/111886"}],"wp:attachment":[{"href":"https:\/\/www.primaboats.com\/de\/wp-json\/wp\/v2\/media?parent=17242"}],"curies":[{"name":"wp","href":"https:\/\/api.w.org\/{rel}","templated":true}]}}