{"id":17232,"date":"2015-10-12T04:40:02","date_gmt":"2015-10-12T04:40:02","guid":{"rendered":"http:\/\/www.primaboats.com\/blog-page\/?lang=de"},"modified":"2026-01-21T15:57:06","modified_gmt":"2026-01-21T15:57:06","slug":"blog","status":"publish","type":"page","link":"https:\/\/www.primaboats.com\/de\/blog\/","title":{"rendered":"Blog"},"content":{"rendered":"<section  ><div class=\"container\"><div class=\"row\"><div class=\"wpb_column vc_column_container col-xs-mobile-fullwidth col-sm-12\"><div class=\"vc-column-innner-wrapper\"><div  class=\"blog-masonry blog-masonry-2col   blog-grid-listing\"><div class=\"col-md-6 col-sm-6 col-xs-6 blog-listing  wow fadeIn\"  data-wow-duration=\"300ms\"><div class=\"blog-post\"><div class=\"blog-image\"><a href=\"https:\/\/www.primaboats.com\/de\/sanlorenzo-sl72\/\"><img loading=\"lazy\" decoding=\"async\" width=\"2296\" height=\"1515\" src=\"https:\/\/www.primaboats.com\/wp-content\/uploads\/2024\/07\/5.jpg\" class=\"attachment-full size-full wp-post-image\" alt=\"-\" srcset=\"https:\/\/www.primaboats.com\/wp-content\/uploads\/2024\/07\/5.jpg 2296w, https:\/\/www.primaboats.com\/wp-content\/uploads\/2024\/07\/5-300x198.jpg 300w, https:\/\/www.primaboats.com\/wp-content\/uploads\/2024\/07\/5-1024x676.jpg 1024w, https:\/\/www.primaboats.com\/wp-content\/uploads\/2024\/07\/5-768x507.jpg 768w, https:\/\/www.primaboats.com\/wp-content\/uploads\/2024\/07\/5-1536x1014.jpg 1536w, https:\/\/www.primaboats.com\/wp-content\/uploads\/2024\/07\/5-2048x1351.jpg 2048w\" sizes=\"auto, (max-width: 2296px) 100vw, 2296px\" title=\"\"><\/a><\/div><div class=\"blog-details\"><div class=\"blog-date\">16 July, 2024| <a href=\"https:\/\/www.primaboats.com\/de\/category\/nachrichten\/\">Nachrichten<\/a> <\/div><div class=\"blog-title\"><a href=\"https:\/\/www.primaboats.com\/de\/sanlorenzo-sl72\/\">Sanlorenzo SL72<\/a><\/div><div class=\"blog-short-description\"><p>Sanlorenzo SL72 Preis auf AnfrageErleben Sie Eleganz und Luxus mit dieser atemberaubenden Sanlorenzo SL72 aus dem Jahr 2003, die im Jahr 2021 sorgf\u00e4ltig \u00fcberarbeitet wurde. Diese Flybridge-Yacht verbindet nahtlos zeitloses Design mit modernen Annehmlichkeiten.Information: Provinz: Balearen L\u00e4nge: 22m (72&#8242;) Breite: 5.61m (18&#8242; 4&#8243;) Tiefgang: 2.80m (9&#8242; 2&#8243;) Werft: Sanlorenzo Baujahr \/ Refit: 2003 \/ 2021...<\/p>\n<\/div><div class=\"separator-line bg-black no-margin-lr\"><\/div><div><a href=\"https:\/\/www.primaboats.com\/wp-admin\/admin-ajax.php?action=process_simple_like&amp;nonce=0cd79917c5&amp;post_id=103202&amp;disabled=true&amp;is_comment=0\" class=\"sl-button blog-like sl-button-103202\" data-nonce=\"0cd79917c5\" data-post-id=\"103202\" data-iscomment=\"0\" title=\"Like\"><i class=\"fa fa-heart-o\"><\/i>141 Likes<\/a><span class=\"comment\">Comments Off<span class=\"screen-reader-text\"> on Sanlorenzo SL72<\/span><\/span><\/div><\/div><\/div><\/div><div class=\"col-md-6 col-sm-6 col-xs-6 blog-listing  wow fadeIn\"  data-wow-duration=\"600ms\"><div class=\"blog-post\"><div class=\"blog-image\"><a href=\"https:\/\/www.primaboats.com\/de\/bvi-springregatta\/\"><img loading=\"lazy\" decoding=\"async\" width=\"1224\" height=\"816\" src=\"https:\/\/www.primaboats.com\/wp-content\/uploads\/2024\/05\/WhatsApp-Image-2024-04-30-at-19.37.43.jpeg\" class=\"attachment-full size-full wp-post-image\" alt=\"-\" srcset=\"https:\/\/www.primaboats.com\/wp-content\/uploads\/2024\/05\/WhatsApp-Image-2024-04-30-at-19.37.43.jpeg 1224w, https:\/\/www.primaboats.com\/wp-content\/uploads\/2024\/05\/WhatsApp-Image-2024-04-30-at-19.37.43-300x200.jpeg 300w, https:\/\/www.primaboats.com\/wp-content\/uploads\/2024\/05\/WhatsApp-Image-2024-04-30-at-19.37.43-1024x683.jpeg 1024w, https:\/\/www.primaboats.com\/wp-content\/uploads\/2024\/05\/WhatsApp-Image-2024-04-30-at-19.37.43-768x512.jpeg 768w\" sizes=\"auto, (max-width: 1224px) 100vw, 1224px\" title=\"\"><\/a><\/div><div class=\"blog-details\"><div class=\"blog-date\">28 May, 2024| <a href=\"https:\/\/www.primaboats.com\/de\/category\/nachrichten\/\">Nachrichten<\/a>, <a href=\"https:\/\/www.primaboats.com\/category\/novedades\/\">Novedades<\/a> <\/div><div class=\"blog-title\"><a href=\"https:\/\/www.primaboats.com\/de\/bvi-springregatta\/\">BVI Spring Regatta<\/a><\/div><div class=\"blog-short-description\"><p>## Teilnahme an der Regatta auf den Britischen Jungferninseln Hallo an alle Segelbegeisterten! Wir m\u00f6chten mit Ihnen unsere erstaunliche Erfahrung bei der BVI-Regatta teilen, an der wir dank des Sponsorings von Virgin Gorda Harbour teilnehmen durften. Unser Team bestand aus einer Gruppe von talentierten und leidenschaftlichen Seglern. Juan, unser Skipper und Eigent\u00fcmer, f\u00fchrte das Team...<\/p>\n<\/div><div class=\"separator-line bg-black no-margin-lr\"><\/div><div><a href=\"https:\/\/www.primaboats.com\/wp-admin\/admin-ajax.php?action=process_simple_like&amp;nonce=0cd79917c5&amp;post_id=102432&amp;disabled=true&amp;is_comment=0\" class=\"sl-button blog-like sl-button-102432\" data-nonce=\"0cd79917c5\" data-post-id=\"102432\" data-iscomment=\"0\" title=\"Like\"><i class=\"fa fa-heart-o\"><\/i>129 Likes<\/a><span class=\"comment\">Comments Off<span class=\"screen-reader-text\"> on BVI Spring Regatta<\/span><\/span><\/div><\/div><\/div><\/div><div class=\"col-md-6 col-sm-6 col-xs-6 blog-listing  wow fadeIn\"  data-wow-duration=\"300ms\"><div class=\"blog-post\"><div class=\"blog-image\"><a href=\"https:\/\/www.primaboats.com\/de\/navegando-desde-el-caribe-a-espana-a-vela\/\"><img loading=\"lazy\" decoding=\"async\" width=\"1024\" height=\"768\" src=\"https:\/\/www.primaboats.com\/wp-content\/uploads\/2024\/05\/WhatsApp-Image-2024-04-10-at-00.00.05.jpeg\" class=\"attachment-full size-full wp-post-image\" alt=\"-\" srcset=\"https:\/\/www.primaboats.com\/wp-content\/uploads\/2024\/05\/WhatsApp-Image-2024-04-10-at-00.00.05.jpeg 1024w, https:\/\/www.primaboats.com\/wp-content\/uploads\/2024\/05\/WhatsApp-Image-2024-04-10-at-00.00.05-300x225.jpeg 300w, https:\/\/www.primaboats.com\/wp-content\/uploads\/2024\/05\/WhatsApp-Image-2024-04-10-at-00.00.05-768x576.jpeg 768w\" sizes=\"auto, (max-width: 1024px) 100vw, 1024px\" title=\"\"><\/a><\/div><div class=\"blog-details\"><div class=\"blog-date\">7 May, 2024| <a href=\"https:\/\/www.primaboats.com\/de\/category\/nachrichten\/\">Nachrichten<\/a>, <a href=\"https:\/\/www.primaboats.com\/category\/novedades\/\">Novedades<\/a> <\/div><div class=\"blog-title\"><a href=\"https:\/\/www.primaboats.com\/de\/navegando-desde-el-caribe-a-espana-a-vela\/\">Segeln von der Karibik nach Spanien!<\/a><\/div><div class=\"blog-short-description\"><p>Setzen Sie die Segel vom Paradies der Karibik zur Majest\u00e4t Spaniens, ein episches Segelabenteuer! Nachdem Sie den Winter in den warmen Gew\u00e4ssern der Karibik verbracht haben, gibt es keine bessere Art und Weise, sich zu verabschieden, als eine Reise nach Hause anzutreten. Der Fr\u00fchling ist die perfekte Zeit daf\u00fcr, denn dann sind die Bedingungen perfekt...<\/p>\n<\/div><div class=\"separator-line bg-black no-margin-lr\"><\/div><div><a href=\"https:\/\/www.primaboats.com\/wp-admin\/admin-ajax.php?action=process_simple_like&amp;nonce=0cd79917c5&amp;post_id=102272&amp;disabled=true&amp;is_comment=0\" class=\"sl-button blog-like sl-button-102272\" data-nonce=\"0cd79917c5\" data-post-id=\"102272\" data-iscomment=\"0\" title=\"Like\"><i class=\"fa fa-heart-o\"><\/i>130 Likes<\/a><span class=\"comment\">Comments Off<span class=\"screen-reader-text\"> on Segeln von der Karibik nach Spanien!<\/span><\/span><\/div><\/div><\/div><\/div><div class=\"col-md-6 col-sm-6 col-xs-6 blog-listing  wow fadeIn\"  data-wow-duration=\"600ms\"><div class=\"blog-post\"><div class=\"blog-image\"><a href=\"https:\/\/www.primaboats.com\/de\/listo-para-charter-descubre-la-emocion-de-navegar-en-el-cigale-16-de-alubat-en-las-aguas-de-mallorca\/\"><img loading=\"lazy\" decoding=\"async\" width=\"1920\" height=\"1279\" src=\"https:\/\/www.primaboats.com\/wp-content\/uploads\/2024\/02\/Prima-Sargantal-Aero-6.jpg\" class=\"attachment-full size-full wp-post-image\" alt=\"-\" srcset=\"https:\/\/www.primaboats.com\/wp-content\/uploads\/2024\/02\/Prima-Sargantal-Aero-6.jpg 1920w, https:\/\/www.primaboats.com\/wp-content\/uploads\/2024\/02\/Prima-Sargantal-Aero-6-300x200.jpg 300w, https:\/\/www.primaboats.com\/wp-content\/uploads\/2024\/02\/Prima-Sargantal-Aero-6-1024x682.jpg 1024w, https:\/\/www.primaboats.com\/wp-content\/uploads\/2024\/02\/Prima-Sargantal-Aero-6-768x512.jpg 768w, https:\/\/www.primaboats.com\/wp-content\/uploads\/2024\/02\/Prima-Sargantal-Aero-6-1536x1023.jpg 1536w\" sizes=\"auto, (max-width: 1920px) 100vw, 1920px\" title=\"\"><\/a><\/div><div class=\"blog-details\"><div class=\"blog-date\">9 February, 2024| <a href=\"https:\/\/www.primaboats.com\/de\/category\/nachrichten\/\">Nachrichten<\/a> <\/div><div class=\"blog-title\"><a href=\"https:\/\/www.primaboats.com\/de\/listo-para-charter-descubre-la-emocion-de-navegar-en-el-cigale-16-de-alubat-en-las-aguas-de-mallorca\/\">Bereit zum Chartern: Entdecken Sie den Nervenkitzel des Segelns auf der Cigale 16 von Alubat in den Gew\u00e4ssern von Mallorca<\/a><\/div><div class=\"blog-short-description\"><p>In der Welt des Segelns gibt es nur wenige Erlebnisse, die mit dem Nervenkitzel vergleichbar sind, den das Auslaufen auf einem gut ausger\u00fcsteten und f\u00fcr maritime Abenteuer bereiten Boot ausl\u00f6st. Wir von Primaboats sind stolz darauf, Ihnen einen unserer wertvollsten Sch\u00e4tze pr\u00e4sentieren zu k\u00f6nnen: die Cigale 16, ein wahres Schmuckst\u00fcck aus der Alubat-Werft. In diesem...<\/p>\n<\/div><div class=\"separator-line bg-black no-margin-lr\"><\/div><div><a href=\"https:\/\/www.primaboats.com\/wp-admin\/admin-ajax.php?action=process_simple_like&amp;nonce=0cd79917c5&amp;post_id=101322&amp;disabled=true&amp;is_comment=0\" class=\"sl-button blog-like sl-button-101322\" data-nonce=\"0cd79917c5\" data-post-id=\"101322\" data-iscomment=\"0\" title=\"Like\"><i class=\"fa fa-heart-o\"><\/i>191 Likes<\/a><span class=\"comment\">Comments Off<span class=\"screen-reader-text\"> on Bereit zum Chartern: Entdecken Sie den Nervenkitzel des Segelns auf der Cigale 16 von Alubat in den Gew\u00e4ssern von Mallorca<\/span><\/span><\/div><\/div><\/div><\/div><div class=\"col-md-6 col-sm-6 col-xs-6 blog-listing  wow fadeIn\"  data-wow-duration=\"300ms\"><div class=\"blog-post\"><div class=\"blog-image\"><a href=\"https:\/\/www.primaboats.com\/de\/blooper-of-st-katherines\/\"><img loading=\"lazy\" decoding=\"async\" width=\"394\" height=\"290\" src=\"https:\/\/www.primaboats.com\/wp-content\/uploads\/2024\/02\/image00001.jpeg\" class=\"attachment-full size-full wp-post-image\" alt=\"-\" srcset=\"https:\/\/www.primaboats.com\/wp-content\/uploads\/2024\/02\/image00001.jpeg 394w, https:\/\/www.primaboats.com\/wp-content\/uploads\/2024\/02\/image00001-300x221.jpeg 300w\" sizes=\"auto, (max-width: 394px) 100vw, 394px\" title=\"\"><\/a><\/div><div class=\"blog-details\"><div class=\"blog-date\">5 February, 2024| <a href=\"https:\/\/www.primaboats.com\/de\/category\/nachrichten\/\">Nachrichten<\/a> <\/div><div class=\"blog-title\"><a href=\"https:\/\/www.primaboats.com\/de\/blooper-of-st-katherines\/\">&#8220;Blooper of St Katherines&#8221;<\/a><\/div><div class=\"blog-short-description\"><p>Erkundung der Meere: Das Epos der &#8220;Blooper of St Katherines&#8221;! Im Herzen unserer Leidenschaft f\u00fcr das Segeln freuen wir uns, die aufregende Nachricht zu verk\u00fcnden: Wir haben die legend\u00e4re Segelyacht Trehard 27m Ketch, auch bekannt als &#8220;Blooper of St. Katherines&#8221;, verkauft! Dieses pr\u00e4chtige Schiff, das in der Trehard-Werft in Antibes, Frankreich, gebaut wurde, hat seine...<\/p>\n<\/div><div class=\"separator-line bg-black no-margin-lr\"><\/div><div><a href=\"https:\/\/www.primaboats.com\/wp-admin\/admin-ajax.php?action=process_simple_like&amp;nonce=0cd79917c5&amp;post_id=101274&amp;disabled=true&amp;is_comment=0\" class=\"sl-button blog-like sl-button-101274\" data-nonce=\"0cd79917c5\" data-post-id=\"101274\" data-iscomment=\"0\" title=\"Like\"><i class=\"fa fa-heart-o\"><\/i>166 Likes<\/a><span class=\"comment\">Comments Off<span class=\"screen-reader-text\"> on &#8220;Blooper of St Katherines&#8221;<\/span><\/span><\/div><\/div><\/div><\/div><div class=\"col-md-6 col-sm-6 col-xs-6 blog-listing  wow fadeIn\"  data-wow-duration=\"600ms\"><div class=\"blog-post\"><div class=\"blog-image\"><a href=\"https:\/\/www.primaboats.com\/de\/fairline-targa\/\"><img loading=\"lazy\" decoding=\"async\" width=\"1028\" height=\"684\" src=\"https:\/\/www.primaboats.com\/wp-content\/uploads\/2024\/01\/8744407_20230316081030047_1_XLARGE.jpg\" class=\"attachment-full size-full wp-post-image\" alt=\"-\" srcset=\"https:\/\/www.primaboats.com\/wp-content\/uploads\/2024\/01\/8744407_20230316081030047_1_XLARGE.jpg 1028w, https:\/\/www.primaboats.com\/wp-content\/uploads\/2024\/01\/8744407_20230316081030047_1_XLARGE-300x200.jpg 300w, https:\/\/www.primaboats.com\/wp-content\/uploads\/2024\/01\/8744407_20230316081030047_1_XLARGE-1024x681.jpg 1024w, https:\/\/www.primaboats.com\/wp-content\/uploads\/2024\/01\/8744407_20230316081030047_1_XLARGE-768x511.jpg 768w\" sizes=\"auto, (max-width: 1028px) 100vw, 1028px\" title=\"\"><\/a><\/div><div class=\"blog-details\"><div class=\"blog-date\">17 January, 2024| <a href=\"https:\/\/www.primaboats.com\/de\/category\/nachrichten\/\">Nachrichten<\/a> <\/div><div class=\"blog-title\"><a href=\"https:\/\/www.primaboats.com\/de\/fairline-targa\/\">Fairline Targa 52 GT<\/a><\/div><div class=\"blog-short-description\"><p>Entdecken Sie den Nervenkitzel des Meeres mit der Fairline Targa 52 GT! Hallo Liebhaber von Luxus und Wasserabenteuer! &#x1f30a; Sind Sie bereit, in ein einzigartiges Erlebnis auf dem Meer einzutauchen? Wir stellen Ihnen die Motoryacht Fairline Targa 52 GT vor, ein wahres schwimmendes Juwel, auf dem Sie sich wie ein K\u00f6nig der Meere f\u00fchlen werden!...<\/p>\n<\/div><div class=\"separator-line bg-black no-margin-lr\"><\/div><div><a href=\"https:\/\/www.primaboats.com\/wp-admin\/admin-ajax.php?action=process_simple_like&amp;nonce=0cd79917c5&amp;post_id=100396&amp;disabled=true&amp;is_comment=0\" class=\"sl-button blog-like sl-button-100396\" data-nonce=\"0cd79917c5\" data-post-id=\"100396\" data-iscomment=\"0\" title=\"Like\"><i class=\"fa fa-heart-o\"><\/i>145 Likes<\/a><span class=\"comment\">Comments Off<span class=\"screen-reader-text\"> on Fairline Targa 52 GT<\/span><\/span><\/div><\/div><\/div><\/div><div class=\"col-md-6 col-sm-6 col-xs-6 blog-listing  wow fadeIn\"  data-wow-duration=\"300ms\"><div class=\"blog-post\"><div class=\"blog-image\"><a href=\"https:\/\/www.primaboats.com\/de\/sessa-key-largo-36-vendida\/\"><img loading=\"lazy\" decoding=\"async\" width=\"1920\" height=\"1434\" src=\"https:\/\/www.primaboats.com\/wp-content\/uploads\/2021\/11\/Imagine-in-the-harbour.jpg\" class=\"attachment-full size-full wp-post-image\" alt=\"-\" srcset=\"https:\/\/www.primaboats.com\/wp-content\/uploads\/2021\/11\/Imagine-in-the-harbour.jpg 1920w, https:\/\/www.primaboats.com\/wp-content\/uploads\/2021\/11\/Imagine-in-the-harbour-300x224.jpg 300w, https:\/\/www.primaboats.com\/wp-content\/uploads\/2021\/11\/Imagine-in-the-harbour-1024x765.jpg 1024w, https:\/\/www.primaboats.com\/wp-content\/uploads\/2021\/11\/Imagine-in-the-harbour-768x574.jpg 768w, https:\/\/www.primaboats.com\/wp-content\/uploads\/2021\/11\/Imagine-in-the-harbour-1536x1147.jpg 1536w\" sizes=\"auto, (max-width: 1920px) 100vw, 1920px\" title=\"\"><\/a><\/div><div class=\"blog-details\"><div class=\"blog-date\">3 November, 2021| <a href=\"https:\/\/www.primaboats.com\/de\/category\/nachrichten\/\">Nachrichten<\/a> <\/div><div class=\"blog-title\"><a href=\"https:\/\/www.primaboats.com\/de\/sessa-key-largo-36-vendida\/\">SESSA KEY LARGO 36 VERKAUFT<\/a><\/div><div class=\"separator-line bg-black no-margin-lr\"><\/div><div><a href=\"https:\/\/www.primaboats.com\/wp-admin\/admin-ajax.php?action=process_simple_like&amp;nonce=0cd79917c5&amp;post_id=48016&amp;disabled=true&amp;is_comment=0\" class=\"sl-button blog-like sl-button-48016\" data-nonce=\"0cd79917c5\" data-post-id=\"48016\" data-iscomment=\"0\" title=\"Like\"><i class=\"fa fa-heart-o\"><\/i>168 Likes<\/a><span class=\"comment\">Comments Off<span class=\"screen-reader-text\"> on SESSA KEY LARGO 36 VERKAUFT<\/span><\/span><\/div><\/div><\/div><\/div><div class=\"col-md-6 col-sm-6 col-xs-6 blog-listing  wow fadeIn\"  data-wow-duration=\"600ms\"><div class=\"blog-post\"><div class=\"blog-image\"><a href=\"https:\/\/www.primaboats.com\/de\/azimut-68-s-en-venta\/\"><img loading=\"lazy\" decoding=\"async\" width=\"1024\" height=\"768\" src=\"https:\/\/www.primaboats.com\/wp-content\/uploads\/2021\/10\/Azimut-68S-en-venta.jpeg\" class=\"attachment-full size-full wp-post-image\" alt=\"-\" srcset=\"https:\/\/www.primaboats.com\/wp-content\/uploads\/2021\/10\/Azimut-68S-en-venta.jpeg 1024w, https:\/\/www.primaboats.com\/wp-content\/uploads\/2021\/10\/Azimut-68S-en-venta-300x225.jpeg 300w, https:\/\/www.primaboats.com\/wp-content\/uploads\/2021\/10\/Azimut-68S-en-venta-768x576.jpeg 768w\" sizes=\"auto, (max-width: 1024px) 100vw, 1024px\" title=\"\"><\/a><\/div><div class=\"blog-details\"><div class=\"blog-date\">29 October, 2021| <a href=\"https:\/\/www.primaboats.com\/de\/category\/nachrichten\/\">Nachrichten<\/a> <\/div><div class=\"blog-title\"><a href=\"https:\/\/www.primaboats.com\/de\/azimut-68-s-en-venta\/\">Azimut 68 S Boote zu verkaufen<\/a><\/div><div class=\"blog-short-description\"><p>Dieses sch\u00f6ne Boot wartet auf Sie! Dunkelroter Helm. Das Wohnzimmer ist gro\u00df und sehr hell. Glaszugangst\u00fcr achtern. Sea Energy Joystick f\u00fcr Motorsteuerung, Bug- und Heckstrahlruder. Es ist sehr ausgestattet und sehr gepflegt, bleiben Sie nicht bei der Lust!<\/p>\n<\/div><div class=\"separator-line bg-black no-margin-lr\"><\/div><div><a href=\"https:\/\/www.primaboats.com\/wp-admin\/admin-ajax.php?action=process_simple_like&amp;nonce=0cd79917c5&amp;post_id=47806&amp;disabled=true&amp;is_comment=0\" class=\"sl-button blog-like sl-button-47806\" data-nonce=\"0cd79917c5\" data-post-id=\"47806\" data-iscomment=\"0\" title=\"Like\"><i class=\"fa fa-heart-o\"><\/i>163 Likes<\/a><span class=\"comment\">Comments Off<span class=\"screen-reader-text\"> on Azimut 68 S Boote zu verkaufen<\/span><\/span><\/div><\/div><\/div><\/div><div class=\"col-md-6 col-sm-6 col-xs-6 blog-listing  wow fadeIn\"  data-wow-duration=\"300ms\"><div class=\"blog-post\"><div class=\"blog-image\"><a href=\"https:\/\/www.primaboats.com\/de\/astondoa-40-vendido\/\"><img loading=\"lazy\" decoding=\"async\" width=\"1920\" height=\"1080\" src=\"https:\/\/www.primaboats.com\/wp-content\/uploads\/2021\/10\/Sin-nombre-barco.jpg\" class=\"attachment-full size-full wp-post-image\" alt=\"-\" srcset=\"https:\/\/www.primaboats.com\/wp-content\/uploads\/2021\/10\/Sin-nombre-barco.jpg 1920w, https:\/\/www.primaboats.com\/wp-content\/uploads\/2021\/10\/Sin-nombre-barco-300x169.jpg 300w, https:\/\/www.primaboats.com\/wp-content\/uploads\/2021\/10\/Sin-nombre-barco-1024x576.jpg 1024w, https:\/\/www.primaboats.com\/wp-content\/uploads\/2021\/10\/Sin-nombre-barco-768x432.jpg 768w, https:\/\/www.primaboats.com\/wp-content\/uploads\/2021\/10\/Sin-nombre-barco-1536x864.jpg 1536w\" sizes=\"auto, (max-width: 1920px) 100vw, 1920px\" title=\"\"><\/a><\/div><div class=\"blog-details\"><div class=\"blog-date\">18 October, 2021| <a href=\"https:\/\/www.primaboats.com\/de\/category\/nachrichten\/\">Nachrichten<\/a> <\/div><div class=\"blog-title\"><a href=\"https:\/\/www.primaboats.com\/de\/astondoa-40-vendido\/\">Astondoa 40 verkauft!<\/a><\/div><div class=\"blog-short-description\"><p>Unser Astondoa 40 ist verkauft und geht mit seinem neuen Besitzer nach Valencia. Wir w\u00fcnschen Ihnen viele Tage gute See und genie\u00dfen Sie Ihr Boot.<\/p>\n<\/div><div class=\"separator-line bg-black no-margin-lr\"><\/div><div><a href=\"https:\/\/www.primaboats.com\/wp-admin\/admin-ajax.php?action=process_simple_like&amp;nonce=0cd79917c5&amp;post_id=47510&amp;disabled=true&amp;is_comment=0\" class=\"sl-button blog-like sl-button-47510\" data-nonce=\"0cd79917c5\" data-post-id=\"47510\" data-iscomment=\"0\" title=\"Like\"><i class=\"fa fa-heart-o\"><\/i>154 Likes<\/a><span class=\"comment\">Comments Off<span class=\"screen-reader-text\"> on Astondoa 40 verkauft!<\/span><\/span><\/div><\/div><\/div><\/div><div class=\"col-md-6 col-sm-6 col-xs-6 blog-listing  wow fadeIn\"  data-wow-duration=\"600ms\"><div class=\"blog-post\"><div class=\"blog-image\"><a href=\"https:\/\/www.primaboats.com\/de\/ferretti-480-fly\/\"><img loading=\"lazy\" decoding=\"async\" width=\"1600\" height=\"1200\" src=\"https:\/\/www.primaboats.com\/wp-content\/uploads\/2021\/10\/1578e549-1539-45f1-9c35-6e00275f63e0.jpg\" class=\"attachment-full size-full wp-post-image\" alt=\"-\" srcset=\"https:\/\/www.primaboats.com\/wp-content\/uploads\/2021\/10\/1578e549-1539-45f1-9c35-6e00275f63e0.jpg 1600w, https:\/\/www.primaboats.com\/wp-content\/uploads\/2021\/10\/1578e549-1539-45f1-9c35-6e00275f63e0-300x225.jpg 300w, https:\/\/www.primaboats.com\/wp-content\/uploads\/2021\/10\/1578e549-1539-45f1-9c35-6e00275f63e0-1024x768.jpg 1024w, https:\/\/www.primaboats.com\/wp-content\/uploads\/2021\/10\/1578e549-1539-45f1-9c35-6e00275f63e0-768x576.jpg 768w, https:\/\/www.primaboats.com\/wp-content\/uploads\/2021\/10\/1578e549-1539-45f1-9c35-6e00275f63e0-1536x1152.jpg 1536w\" sizes=\"auto, (max-width: 1600px) 100vw, 1600px\" title=\"\"><\/a><\/div><div class=\"blog-details\"><div class=\"blog-date\">1 October, 2021| <a href=\"https:\/\/www.primaboats.com\/de\/category\/nachrichten\/\">Nachrichten<\/a> <\/div><div class=\"blog-title\"><a href=\"https:\/\/www.primaboats.com\/de\/ferretti-480-fly\/\">FERRETTI 480 FLY<\/a><\/div><div class=\"blog-short-description\"><p>Unsere sch\u00f6ne Ferretti 480 Fliege aus dem Jahr 2000 steht zum VERKAUF, spanische Flagge, mit nur 800 Betriebsstunden und komplett ausgestattet. Verpassen Sie nicht die Gelegenheit, es zu sehen!<\/p>\n<\/div><div class=\"separator-line bg-black no-margin-lr\"><\/div><div><a href=\"https:\/\/www.primaboats.com\/wp-admin\/admin-ajax.php?action=process_simple_like&amp;nonce=0cd79917c5&amp;post_id=47148&amp;disabled=true&amp;is_comment=0\" class=\"sl-button blog-like sl-button-47148\" data-nonce=\"0cd79917c5\" data-post-id=\"47148\" data-iscomment=\"0\" title=\"Like\"><i class=\"fa fa-heart-o\"><\/i>136 Likes<\/a><span class=\"comment\">Comments Off<span class=\"screen-reader-text\"> on FERRETTI 480 FLY<\/span><\/span><\/div><\/div><\/div><\/div><\/div><div class=\"pagination\"><span aria-current=\"page\" class=\"page-numbers current\">1<\/span>\n<a class=\"page-numbers\" href=\"https:\/\/www.primaboats.com\/de\/wp-json\/wp\/v2\/pages\/17232\/page\/2\/\">2<\/a>\n<a class=\"page-numbers\" href=\"https:\/\/www.primaboats.com\/de\/wp-json\/wp\/v2\/pages\/17232\/page\/3\/\">3<\/a>\n<a class=\"page-numbers\" href=\"https:\/\/www.primaboats.com\/de\/wp-json\/wp\/v2\/pages\/17232\/page\/4\/\">4<\/a>\n<span class=\"page-numbers dots\">&hellip;<\/span>\n<a class=\"page-numbers\" href=\"https:\/\/www.primaboats.com\/de\/wp-json\/wp\/v2\/pages\/17232\/page\/10\/\">10<\/a>\n<a class=\"page-numbers\" href=\"https:\/\/www.primaboats.com\/de\/wp-json\/wp\/v2\/pages\/17232\/page\/11\/\">11<\/a>\n<a class=\"page-numbers\" href=\"https:\/\/www.primaboats.com\/de\/wp-json\/wp\/v2\/pages\/17232\/page\/12\/\">12<\/a>\n<a class=\"next page-numbers\" href=\"https:\/\/www.primaboats.com\/de\/wp-json\/wp\/v2\/pages\/17232\/page\/2\/\"><img loading=\"lazy\" decoding=\"async\" alt=\"Next\" src=\"https:\/\/www.primaboats.com\/wp-content\/themes\/primaboats\/assets\/images\/arrow-next-small.png\" width=\"20\" height=\"13\" title=\"\"><\/a><\/div><\/div><\/div><\/div><\/div><\/section>","protected":false},"excerpt":{"rendered":"<p>Unsere sch\u00f6ne Ferretti 480 Fliege aus dem Jahr 2000 steht zum VERKAUF, spanische Flagge, mit nur 800 Betriebsstunden und komplett ausgestattet. Verpassen Sie nicht die Gelegenheit, es zu sehen!<\/p>\n","protected":false},"author":3,"featured_media":25102,"parent":0,"menu_order":0,"comment_status":"closed","ping_status":"closed","template":"","meta":{"_acf_changed":false,"footnotes":""},"class_list":["post-17232","page","type-page","status-publish","has-post-thumbnail","hentry"],"acf":[],"_links":{"self":[{"href":"https:\/\/www.primaboats.com\/de\/wp-json\/wp\/v2\/pages\/17232","targetHints":{"allow":["GET"]}}],"collection":[{"href":"https:\/\/www.primaboats.com\/de\/wp-json\/wp\/v2\/pages"}],"about":[{"href":"https:\/\/www.primaboats.com\/de\/wp-json\/wp\/v2\/types\/page"}],"author":[{"embeddable":true,"href":"https:\/\/www.primaboats.com\/de\/wp-json\/wp\/v2\/users\/3"}],"replies":[{"embeddable":true,"href":"https:\/\/www.primaboats.com\/de\/wp-json\/wp\/v2\/comments?post=17232"}],"version-history":[{"count":15,"href":"https:\/\/www.primaboats.com\/de\/wp-json\/wp\/v2\/pages\/17232\/revisions"}],"predecessor-version":[{"id":31834,"href":"https:\/\/www.primaboats.com\/de\/wp-json\/wp\/v2\/pages\/17232\/revisions\/31834"}],"wp:featuredmedia":[{"embeddable":true,"href":"https:\/\/www.primaboats.com\/de\/wp-json\/wp\/v2\/media\/25102"}],"wp:attachment":[{"href":"https:\/\/www.primaboats.com\/de\/wp-json\/wp\/v2\/media?parent=17232"}],"curies":[{"name":"wp","href":"https:\/\/api.w.org\/{rel}","templated":true}]}}