{"id":17230,"date":"2016-06-06T07:49:23","date_gmt":"2016-06-06T07:49:23","guid":{"rendered":"http:\/\/www.primaboats.com\/oacasion\/?lang=de"},"modified":"2025-12-11T09:56:00","modified_gmt":"2025-12-11T09:56:00","slug":"ocasion","status":"publish","type":"page","link":"https:\/\/www.primaboats.com\/de\/ocasion\/","title":{"rendered":"Gebrauchte Boote zum Verkauf auf Mallorca"},"content":{"rendered":"<section  ><div class=\"container\"><div class=\"row\"><div class=\"wpb_column vc_column_container col-xs-mobile-fullwidth\"><div class=\"vc-column-innner-wrapper\"><div class=\"col-md-12 text-center\" ><div class=\"text-center\"><ul class=\"portfolio-filter nav nav-tabs nav-tabs-gray wow fadeInUp\"><li class=\"nav active\"><a href=\"#\"  data-filter=\"*\">All<\/a><\/li><li class=\"nav\"><a href=\"#\"  data-filter=\".versuch-llauds\">Versuch Llauts<\/a><\/li><li class=\"nav\"><a href=\"#\"  data-filter=\".motos-anlass\">Motorboote + 30 ft<\/a><\/li><li class=\"nav\"><a href=\"#\"  data-filter=\".segel-verkauf\">Segel Verkauf<\/a><\/li><li class=\"nav\"><a href=\"#\"  data-filter=\".motoras-2-de\">Motorboote -30 ft<\/a><\/li><\/ul><\/div><\/div><div  class=\"work-4col gutter work-with-title \"><div class=\"col-md-12  grid-gallery overflow-hidden  content-section\" ><div class=\"tab-content\"><ul class=\"grid masonry-items \"><li class=\"motoras-2-de \"><figure><div class=\"gallery-img\"><a href=\"https:\/\/www.primaboats.com\/de\/portfolio\/zar-formenti-57\/\"><img loading=\"lazy\" decoding=\"async\" src=\"https:\/\/www.primaboats.com\/wp-content\/uploads\/2025\/12\/WhatsApp-Image-2025-12-19-at-09.41.24-3.jpeg\" width=\"1600\" height=\"1204\" alt=\"-\" title=\"\"><\/a><\/div><figcaption><h3><a href=\"https:\/\/www.primaboats.com\/de\/portfolio\/zar-formenti-57\/\">Zar Formenti 57<\/a><\/h3><p><\/p><\/figcaption><\/figure><\/li><li class=\"motoras-2-de \"><figure><div class=\"gallery-img\"><a href=\"https:\/\/www.primaboats.com\/de\/portfolio\/sea-ray-240-2\/\"><img loading=\"lazy\" decoding=\"async\" src=\"https:\/\/www.primaboats.com\/wp-content\/uploads\/2020\/09\/7dca75f5-6b79-4f54-b37d-8b65c0731a55.jpg\" width=\"2048\" height=\"1536\" alt=\"-\" title=\"\"><\/a><\/div><figcaption><h3><a href=\"https:\/\/www.primaboats.com\/de\/portfolio\/sea-ray-240-2\/\">SEA RAY 240<\/a><\/h3><p><\/p><\/figcaption><\/figure><\/li><li class=\"motoras-2-de \"><figure><div class=\"gallery-img\"><a href=\"https:\/\/www.primaboats.com\/de\/portfolio\/scanner-dillennium\/\"><img loading=\"lazy\" decoding=\"async\" src=\"https:\/\/www.primaboats.com\/wp-content\/uploads\/2025\/08\/WhatsApp-Image-2025-08-13-at-19.17.54.jpeg\" width=\"1600\" height=\"1200\" alt=\"-\" title=\"\"><\/a><\/div><figcaption><h3><a href=\"https:\/\/www.primaboats.com\/de\/portfolio\/scanner-dillennium\/\">Scanner Dillennium<\/a><\/h3><p><\/p><\/figcaption><\/figure><\/li><li class=\"motoras-2-de \"><figure><div class=\"gallery-img\"><a href=\"https:\/\/www.primaboats.com\/de\/portfolio\/beneteau-antares-8-8\/\"><img loading=\"lazy\" decoding=\"async\" src=\"https:\/\/www.primaboats.com\/wp-content\/uploads\/2025\/08\/WhatsApp-Image-2025-08-22-at-13.25.29-17.jpeg\" width=\"1600\" height=\"1200\" alt=\"-\" title=\"\"><\/a><\/div><figcaption><h3><a href=\"https:\/\/www.primaboats.com\/de\/portfolio\/beneteau-antares-8-8\/\">Beneteau Antares 8.8<\/a><\/h3><p><\/p><\/figcaption><\/figure><\/li><li class=\"motoras-2-de \"><figure><div class=\"gallery-img\"><a href=\"https:\/\/www.primaboats.com\/de\/portfolio\/marlin-790\/\"><img loading=\"lazy\" decoding=\"async\" src=\"https:\/\/www.primaboats.com\/wp-content\/uploads\/2025\/11\/WhatsApp-Image-2025-11-03-at-13.11.10.jpeg\" width=\"1600\" height=\"1200\" alt=\"-\" title=\"\"><\/a><\/div><figcaption><h3><a href=\"https:\/\/www.primaboats.com\/de\/portfolio\/marlin-790\/\">Marlin 790<\/a><\/h3><p><\/p><\/figcaption><\/figure><\/li><li class=\"motoras-2-de \"><figure><div class=\"gallery-img\"><a href=\"https:\/\/www.primaboats.com\/de\/portfolio\/chris-craft-corsair-28\/\"><img loading=\"lazy\" decoding=\"async\" src=\"https:\/\/www.primaboats.com\/wp-content\/uploads\/2025\/10\/2.jpg\" width=\"1200\" height=\"800\" alt=\"-\" title=\"\"><\/a><\/div><figcaption><h3><a href=\"https:\/\/www.primaboats.com\/de\/portfolio\/chris-craft-corsair-28\/\">Chris-Craft Corsair 28<\/a><\/h3><p><\/p><\/figcaption><\/figure><\/li><li class=\"segel-verkauf \"><figure><div class=\"gallery-img\"><a href=\"https:\/\/www.primaboats.com\/de\/portfolio\/edel-strat-edel-3\/\"><img loading=\"lazy\" decoding=\"async\" src=\"https:\/\/www.primaboats.com\/wp-content\/uploads\/2025\/10\/2-2.jpg\" width=\"639\" height=\"483\" alt=\"-\" title=\"\"><\/a><\/div><figcaption><h3><a href=\"https:\/\/www.primaboats.com\/de\/portfolio\/edel-strat-edel-3\/\">Edel Strat Edel III<\/a><\/h3><p><\/p><\/figcaption><\/figure><\/li><li class=\"segel-verkauf \"><figure><div class=\"gallery-img\"><a href=\"https:\/\/www.primaboats.com\/de\/portfolio\/beneteau-oceanis-clipper-343\/\"><img loading=\"lazy\" decoding=\"async\" src=\"https:\/\/www.primaboats.com\/wp-content\/uploads\/2026\/03\/1-1.jpg\" width=\"360\" height=\"240\" alt=\"-\" title=\"\"><\/a><\/div><figcaption><h3><a href=\"https:\/\/www.primaboats.com\/de\/portfolio\/beneteau-oceanis-clipper-343\/\">Beneteau Oceanis Clipper 343<\/a><\/h3><p><\/p><\/figcaption><\/figure><\/li><li class=\"segel-verkauf \"><figure><div class=\"gallery-img\"><a href=\"https:\/\/www.primaboats.com\/de\/portfolio\/north-wind-38\/\"><img loading=\"lazy\" decoding=\"async\" src=\"https:\/\/www.primaboats.com\/wp-content\/uploads\/2024\/09\/WhatsApp-Image-2024-09-16-at-10.28.58.jpeg\" width=\"2048\" height=\"1536\" alt=\"-\" title=\"\"><\/a><\/div><figcaption><h3><a href=\"https:\/\/www.primaboats.com\/de\/portfolio\/north-wind-38\/\">North Wind 38<\/a><\/h3><p><\/p><\/figcaption><\/figure><\/li><li class=\"segel-verkauf \"><figure><div class=\"gallery-img\"><a href=\"https:\/\/www.primaboats.com\/de\/portfolio\/hobart-1110\/\"><img loading=\"lazy\" decoding=\"async\" src=\"https:\/\/www.primaboats.com\/wp-content\/uploads\/2026\/02\/Vue-Babord-Hobart.jpeg\" width=\"2048\" height=\"1152\" alt=\"-\" title=\"\"><\/a><\/div><figcaption><h3><a href=\"https:\/\/www.primaboats.com\/de\/portfolio\/hobart-1110\/\">Hobart 1110<\/a><\/h3><p><\/p><\/figcaption><\/figure><\/li><li class=\"motos-anlass \"><figure><div class=\"gallery-img\"><a href=\"https:\/\/www.primaboats.com\/de\/portfolio\/schaefer-v33\/\"><img loading=\"lazy\" decoding=\"async\" src=\"https:\/\/www.primaboats.com\/wp-content\/uploads\/2025\/04\/Schaeffer8.jpg\" width=\"1028\" height=\"685\" alt=\"-\" title=\"\"><\/a><\/div><figcaption><h3><a href=\"https:\/\/www.primaboats.com\/de\/portfolio\/schaefer-v33\/\">Schaefer V33<\/a><\/h3><p><\/p><\/figcaption><\/figure><\/li><li class=\"motos-anlass \"><figure><div class=\"gallery-img\"><a href=\"https:\/\/www.primaboats.com\/de\/portfolio\/sessa-marine-key-largo-34\/\"><img loading=\"lazy\" decoding=\"async\" src=\"https:\/\/www.primaboats.com\/wp-content\/uploads\/2024\/03\/WhatsApp-Image-2024-09-23-at-10.36.12-2.jpeg\" width=\"2048\" height=\"1536\" alt=\"-\" title=\"\"><\/a><\/div><figcaption><h3><a href=\"https:\/\/www.primaboats.com\/de\/portfolio\/sessa-marine-key-largo-34\/\">Sessa Marine Key Largo 34<\/a><\/h3><p><\/p><\/figcaption><\/figure><\/li><li class=\"motos-anlass \"><figure><div class=\"gallery-img\"><a href=\"https:\/\/www.primaboats.com\/de\/portfolio\/sunseeker-34-portofino\/\"><img loading=\"lazy\" decoding=\"async\" src=\"https:\/\/www.primaboats.com\/wp-content\/uploads\/2019\/02\/Foto-2.jpg\" width=\"1024\" height=\"768\" alt=\"-\" title=\"\"><\/a><\/div><figcaption><h3><a href=\"https:\/\/www.primaboats.com\/de\/portfolio\/sunseeker-34-portofino\/\">SUNSEEKER 34 PORTOFINO<\/a><\/h3><p><\/p><\/figcaption><\/figure><\/li><li class=\"motos-anlass \"><figure><div class=\"gallery-img\"><a href=\"https:\/\/www.primaboats.com\/de\/portfolio\/bavaria-s-36-open\/\"><img loading=\"lazy\" decoding=\"async\" src=\"https:\/\/www.primaboats.com\/wp-content\/uploads\/2025\/10\/2-1.jpg\" width=\"1411\" height=\"999\" alt=\"-\" title=\"\"><\/a><\/div><figcaption><h3><a href=\"https:\/\/www.primaboats.com\/de\/portfolio\/bavaria-s-36-open\/\">Bavaria S 36 Open<\/a><\/h3><p><\/p><\/figcaption><\/figure><\/li><li class=\"motos-anlass \"><figure><div class=\"gallery-img\"><a href=\"https:\/\/www.primaboats.com\/de\/portfolio\/bavaria-bmb-38-sport\/\"><img loading=\"lazy\" decoding=\"async\" src=\"https:\/\/www.primaboats.com\/wp-content\/uploads\/2021\/12\/WhatsApp-Image-2024-02-20-at-17.25.26.jpeg\" width=\"1920\" height=\"1224\" alt=\"-\" title=\"\"><\/a><\/div><figcaption><h3><a href=\"https:\/\/www.primaboats.com\/de\/portfolio\/bavaria-bmb-38-sport\/\">Bavaria BMB 38 Sport<\/a><\/h3><p><\/p><\/figcaption><\/figure><\/li><li class=\"motos-anlass \"><figure><div class=\"gallery-img\"><a href=\"https:\/\/www.primaboats.com\/de\/portfolio\/princess-v40-3\/\"><img loading=\"lazy\" decoding=\"async\" src=\"https:\/\/www.primaboats.com\/wp-content\/uploads\/2025\/11\/WhatsApp-Image-2025-11-10-at-16.55.21-2.jpeg\" width=\"2040\" height=\"1148\" alt=\"-\" title=\"\"><\/a><\/div><figcaption><h3><a href=\"https:\/\/www.primaboats.com\/de\/portfolio\/princess-v40-3\/\">Princess V40<\/a><\/h3><p><\/p><\/figcaption><\/figure><\/li><li class=\"motos-anlass \"><figure><div class=\"gallery-img\"><a href=\"https:\/\/www.primaboats.com\/de\/portfolio\/rodman-1250-3\/\"><img loading=\"lazy\" decoding=\"async\" src=\"https:\/\/www.primaboats.com\/wp-content\/uploads\/2025\/04\/WhatsApp-Image-2025-04-08-at-11.32.55-2.jpeg\" width=\"1600\" height=\"1200\" alt=\"-\" title=\"\"><\/a><\/div><figcaption><h3><a href=\"https:\/\/www.primaboats.com\/de\/portfolio\/rodman-1250-3\/\">Rodman 1250<\/a><\/h3><p><\/p><\/figcaption><\/figure><\/li><li class=\"motos-anlass \"><figure><div class=\"gallery-img\"><a href=\"https:\/\/www.primaboats.com\/de\/portfolio\/jeanneau-cap-camarat-12-5-wa\/\"><img loading=\"lazy\" decoding=\"async\" src=\"https:\/\/www.primaboats.com\/wp-content\/uploads\/2025\/02\/1.jpg\" width=\"1920\" height=\"1440\" alt=\"-\" title=\"\"><\/a><\/div><figcaption><h3><a href=\"https:\/\/www.primaboats.com\/de\/portfolio\/jeanneau-cap-camarat-12-5-wa\/\">Jeanneau Cap Camarat 12.5 WA<\/a><\/h3><p><\/p><\/figcaption><\/figure><\/li><li class=\"motos-anlass \"><figure><div class=\"gallery-img\"><a href=\"https:\/\/www.primaboats.com\/de\/portfolio\/grand-banks-42\/\"><img loading=\"lazy\" decoding=\"async\" src=\"https:\/\/www.primaboats.com\/wp-content\/uploads\/2022\/04\/GRAND-BANKS-42-29.jpeg\" width=\"1599\" height=\"1200\" alt=\"-\" title=\"\"><\/a><\/div><figcaption><h3><a href=\"https:\/\/www.primaboats.com\/de\/portfolio\/grand-banks-42\/\">Grand Banks 42<\/a><\/h3><p><\/p><\/figcaption><\/figure><\/li><li class=\"segel-verkauf \"><figure><div class=\"gallery-img\"><a href=\"https:\/\/www.primaboats.com\/de\/portfolio\/voyage-440\/\"><img loading=\"lazy\" decoding=\"async\" src=\"https:\/\/www.primaboats.com\/wp-content\/uploads\/2020\/11\/Foto-4-sin-nombre-barco.jpg\" width=\"722\" height=\"480\" alt=\"-\" title=\"\"><\/a><\/div><figcaption><h3><a href=\"https:\/\/www.primaboats.com\/de\/portfolio\/voyage-440\/\">VOYAGE 440<\/a><\/h3><p><\/p><\/figcaption><\/figure><\/li><li class=\"motos-anlass \"><figure><div class=\"gallery-img\"><a href=\"https:\/\/www.primaboats.com\/de\/portfolio\/fairline-targa-44\/\"><img loading=\"lazy\" decoding=\"async\" src=\"https:\/\/www.primaboats.com\/wp-content\/uploads\/2026\/03\/1.jpg\" width=\"1028\" height=\"685\" alt=\"-\" title=\"\"><\/a><\/div><figcaption><h3><a href=\"https:\/\/www.primaboats.com\/de\/portfolio\/fairline-targa-44\/\">Fairline Targa 44<\/a><\/h3><p><\/p><\/figcaption><\/figure><\/li><li class=\"motos-anlass \"><figure><div class=\"gallery-img\"><a href=\"https:\/\/www.primaboats.com\/de\/portfolio\/starfisher-st-45-cruiser\/\"><img loading=\"lazy\" decoding=\"async\" src=\"https:\/\/www.primaboats.com\/wp-content\/uploads\/2024\/12\/1-2.jpg\" width=\"1920\" height=\"1369\" alt=\"-\" title=\"\"><\/a><\/div><figcaption><h3><a href=\"https:\/\/www.primaboats.com\/de\/portfolio\/starfisher-st-45-cruiser\/\">Starfisher ST 45 Cruiser<\/a><\/h3><p><\/p><\/figcaption><\/figure><\/li><li class=\"motos-anlass \"><figure><div class=\"gallery-img\"><a href=\"https:\/\/www.primaboats.com\/de\/portfolio\/galatzo-k-one\/\"><img loading=\"lazy\" decoding=\"async\" src=\"https:\/\/www.primaboats.com\/wp-content\/uploads\/2023\/09\/2-1.jpg\" width=\"1319\" height=\"879\" alt=\"-\" title=\"\"><\/a><\/div><figcaption><h3><a href=\"https:\/\/www.primaboats.com\/de\/portfolio\/galatzo-k-one\/\">Galatz\u00f3 K One<\/a><\/h3><p><\/p><\/figcaption><\/figure><\/li><li class=\"segel-verkauf \"><figure><div class=\"gallery-img\"><a href=\"https:\/\/www.primaboats.com\/de\/portfolio\/mcconnel-marine-ltd-custom-pilothouse-cutter\/\"><img loading=\"lazy\" decoding=\"async\" src=\"https:\/\/www.primaboats.com\/wp-content\/uploads\/2026\/02\/WhatsApp-Image-2026-02-25-at-19.35.10.jpeg\" width=\"1600\" height=\"1200\" alt=\"-\" title=\"\"><\/a><\/div><figcaption><h3><a href=\"https:\/\/www.primaboats.com\/de\/portfolio\/mcconnel-marine-ltd-custom-pilothouse-cutter\/\">McConnel Marine Ltd Custom Pilothouse Cutter<\/a><\/h3><p><\/p><\/figcaption><\/figure><\/li><li class=\"segel-verkauf \"><figure><div class=\"gallery-img\"><a href=\"https:\/\/www.primaboats.com\/de\/portfolio\/alubat-cigale-16\/\"><img loading=\"lazy\" decoding=\"async\" src=\"https:\/\/www.primaboats.com\/wp-content\/uploads\/2024\/01\/WhatsApp-Image-2025-10-20-at-09.44.23-1.jpeg\" width=\"1580\" height=\"889\" alt=\"-\" title=\"\"><\/a><\/div><figcaption><h3><a href=\"https:\/\/www.primaboats.com\/de\/portfolio\/alubat-cigale-16\/\">Alubat Cigale 16<\/a><\/h3><p><\/p><\/figcaption><\/figure><\/li><li class=\"motos-anlass \"><figure><div class=\"gallery-img\"><a href=\"https:\/\/www.primaboats.com\/de\/portfolio\/princess-52-fly-2\/\"><img loading=\"lazy\" decoding=\"async\" src=\"https:\/\/www.primaboats.com\/wp-content\/uploads\/2023\/08\/5f498c94-dfb1-43aa-b10e-95c945c1db8e.jpeg\" width=\"2048\" height=\"1536\" alt=\"-\" title=\"\"><\/a><\/div><figcaption><h3><a href=\"https:\/\/www.primaboats.com\/de\/portfolio\/princess-52-fly-2\/\">Princess 52 Fly<\/a><\/h3><p><\/p><\/figcaption><\/figure><\/li><li class=\"motos-anlass versuch-llauds \"><figure><div class=\"gallery-img\"><a href=\"https:\/\/www.primaboats.com\/de\/portfolio\/sasga-menorquin-68-flybridge\/\"><img loading=\"lazy\" decoding=\"async\" src=\"https:\/\/www.primaboats.com\/wp-content\/uploads\/2024\/07\/9172461_20231220022428451_1_XLARGE.jpg\" width=\"900\" height=\"600\" alt=\"-\" title=\"\"><\/a><\/div><figcaption><h3><a href=\"https:\/\/www.primaboats.com\/de\/portfolio\/sasga-menorquin-68-flybridge\/\">Sasga Menorquin 68 Flybridge<\/a><\/h3><p><\/p><\/figcaption><\/figure><\/li><li class=\"motos-anlass \"><figure><div class=\"gallery-img\"><a href=\"https:\/\/www.primaboats.com\/de\/portfolio\/mangusta-80-2\/\"><img loading=\"lazy\" decoding=\"async\" src=\"https:\/\/www.primaboats.com\/wp-content\/uploads\/2025\/04\/8-1.jpg\" width=\"1542\" height=\"1156\" alt=\"-\" title=\"\"><\/a><\/div><figcaption><h3><a href=\"https:\/\/www.primaboats.com\/de\/portfolio\/mangusta-80-2\/\">Mangusta 80<\/a><\/h3><p><\/p><\/figcaption><\/figure><\/li><li class=\"motos-anlass \"><figure><div class=\"gallery-img\"><a href=\"https:\/\/www.primaboats.com\/de\/portfolio\/bennetti-82\/\"><img loading=\"lazy\" decoding=\"async\" src=\"https:\/\/www.primaboats.com\/wp-content\/uploads\/2023\/09\/1.jpg\" width=\"1706\" height=\"1480\" alt=\"-\" title=\"\"><\/a><\/div><figcaption><h3><a href=\"https:\/\/www.primaboats.com\/de\/portfolio\/bennetti-82\/\">BENNETTI 82<\/a><\/h3><p><\/p><\/figcaption><\/figure><\/li><li class=\"motos-anlass \"><figure><div class=\"gallery-img\"><a href=\"https:\/\/www.primaboats.com\/de\/portfolio\/falcon-86\/\"><img loading=\"lazy\" decoding=\"async\" src=\"https:\/\/www.primaboats.com\/wp-content\/uploads\/2024\/08\/1-1.jpg\" width=\"940\" height=\"639\" alt=\"-\" title=\"\"><\/a><\/div><figcaption><h3><a href=\"https:\/\/www.primaboats.com\/de\/portfolio\/falcon-86\/\">Falcon 86<\/a><\/h3><p><\/p><\/figcaption><\/figure><\/li><li class=\"motos-anlass \"><figure><div class=\"gallery-img\"><a href=\"https:\/\/www.primaboats.com\/de\/portfolio\/atb-shipyards\/\"><img loading=\"lazy\" decoding=\"async\" src=\"https:\/\/www.primaboats.com\/wp-content\/uploads\/2021\/11\/IMG_1275.jpg\" width=\"1920\" height=\"1440\" alt=\"-\" title=\"\"><\/a><\/div><figcaption><h3><a href=\"https:\/\/www.primaboats.com\/de\/portfolio\/atb-shipyards\/\">ATB Shipyards<\/a><\/h3><p><\/p><\/figcaption><\/figure><\/li><\/ul><\/div><\/div><\/div><h2>Warum ein gebrauchtes Boot auf Mallorca w\u00e4hlen?<\/h2>\n<p>&nbsp;<\/p>\n<p>Die Wahl eines gebrauchten Bootes erm\u00f6glicht es Ihnen, ein hochwertiges Gef\u00e4hrt zu einem erheblich niedrigeren Preis als ein neues Boot zu erwerben. In unserem Gesch\u00e4ft finden Sie alles, von kleinen Booten f\u00fcr ein entspanntes Segelerlebnis bis hin zu gro\u00dfen Luxusyachten, die Ihnen auf hoher See allen Komfort bieten. Die Auswahl an gebrauchten Booten auf Mallorca ist vielf\u00e4ltig, und wir helfen Ihnen, das Boot zu finden, das am besten zu Ihren Bed\u00fcrfnissen passt.<\/p>\n<h2>Welche Arten von Booten finden Sie in unserer Auswahl?<\/h2>\n<p>&nbsp;<\/p>\n<p>Unser Angebot umfasst alle Arten von Booten zum Verkauf auf Mallorca: Von kleinen, einfach zu handhabenden gebrauchten Booten bis hin zu Zweitbooten mit luxuri\u00f6ser Ausstattung, die Sie sich wie zu Hause auf dem Meer f\u00fchlen lassen. Egal, ob Sie ein kompaktes Modell oder ein anspruchsvolleres Gef\u00e4hrt suchen, wir haben f\u00fcr alle Arten von Segeln eine passende Option.<\/p>\n<h2>Vorteile des Kaufs eines gebrauchten Bootes auf Mallorca<\/h2>\n<p>&nbsp;<\/p>\n<h3>G\u00fcnstigere Preise<\/h3>\n<p>&nbsp;<\/p>\n<p>Einer der gr\u00f6\u00dften Vorteile beim Kauf eines gebrauchten Bootes ist die erhebliche Einsparung im Vergleich zum Kauf eines neuen Gef\u00e4hrts. Auf Mallorca bieten gebrauchte Boote ein ausgezeichnetes Preis-Leistungs-Verh\u00e4ltnis, das es Ihnen erm\u00f6glicht, das Leben auf dem Wasser zu genie\u00dfen, ohne eine gro\u00dfe Anfangsinvestition zu t\u00e4tigen.<\/p>\n<h3>Schnelle Verf\u00fcgbarkeit<\/h3>\n<p>&nbsp;<\/p>\n<p>Gebrauchte Boote auf Mallorca sind in der Regel sofort bereit, um auszulaufen. Sie m\u00fcssen nicht auf die Fertigung oder Anpassung warten, sodass Sie Ihr Boot so schnell wie m\u00f6glich genie\u00dfen k\u00f6nnen.<\/p>\n<\/div><\/div><\/div><\/div><\/section><section  ><div class=\"container\"><div class=\"row\"><div class=\"wpb_column vc_column_container col-xs-mobile-fullwidth col-sm-12\"><div class=\"vc-column-innner-wrapper\"><h2>H\u00e4ufig gestellte Fragen zum Kauf von gebrauchten Booten auf Mallorca<\/h2>\n<div class=\"panel-group \"  ><div class=\"panel panel-default accordion-item\"><div class=\"panel-heading \"><a data-toggle=\"collapse\" data-parent=\"#1765446797\" href=\"#accordian-panel-1\" class=\"accordion-toggle\"><h3 class=\"panel-title\" >Was sollte ich beim Kauf eines gebrauchten Bootes auf Mallorca beachten?<\/h3><\/a><\/div><div id=\"accordian-panel-1\" class=\"panel-collapse collapse \"><div class=\"panel-body\"><p>Es ist wichtig, den allgemeinen Zustand des Bootes zu bewerten, einschlie\u00dflich des Motors, des Rumpfs, der Segel (falls zutreffend) und des elektrischen Systems. Es wird auch empfohlen, die Wartungshistorie und fr\u00fchere Reparaturen zu \u00fcberpr\u00fcfen.<\/p>\n<\/div><\/div><\/div><div class=\"panel panel-default accordion-item\"><div class=\"panel-heading \"><a data-toggle=\"collapse\" data-parent=\"#1765446797\" href=\"#accordian-panel-2\" class=\"accordion-toggle\"><h3 class=\"panel-title\" >Wie kann ich sicherstellen, dass ein gebrauchtes Boot in gutem Zustand ist?<\/h3><\/a><\/div><div id=\"accordian-panel-2\" class=\"panel-collapse collapse \"><div class=\"panel-body\"><p>Alle unsere gebrauchten Boote auf Mallorca werden vor dem Verkauf von spezialisierten Technikern \u00fcberpr\u00fcft. Zus\u00e4tzlich stellen wir einen detaillierten Bericht \u00fcber ihren Zustand und ihre Wartungshistorie zur Verf\u00fcgung.<\/p>\n<\/div><\/div><\/div><div class=\"panel panel-default accordion-item\"><div class=\"panel-heading \"><a data-toggle=\"collapse\" data-parent=\"#1765446797\" href=\"#accordian-panel-3\" class=\"accordion-toggle\"><h3 class=\"panel-title\" >Kann ich eine Finanzierung f\u00fcr den Kauf eines gebrauchten Bootes erhalten?<\/h3><\/a><\/div><div id=\"accordian-panel-3\" class=\"panel-collapse collapse \"><div class=\"panel-body\"><p>Ja, wir bieten flexible Finanzierungsm\u00f6glichkeiten f\u00fcr den Kauf von gebrauchten Booten auf Mallorca an. Kontaktieren Sie uns f\u00fcr weitere Details zu den verf\u00fcgbaren Pl\u00e4nen.<\/p>\n<\/div><\/div><\/div><div class=\"panel panel-default accordion-item\"><div class=\"panel-heading \"><a data-toggle=\"collapse\" data-parent=\"#1765446797\" href=\"#accordian-panel-4\" class=\"accordion-toggle\"><h3 class=\"panel-title\" >Welche Arten von Booten finden ich in Ihrem Gesch\u00e4ft?<\/h3><\/a><\/div><div id=\"accordian-panel-4\" class=\"panel-collapse collapse \"><div class=\"panel-body\"><p>Wir haben eine breite Palette von gebrauchten Booten zum Verkauf auf Mallorca, einschlie\u00dflich kleiner Boote, Segelboote und Luxusyachten. Egal, welcher Segelstil Ihnen gef\u00e4llt, wir haben eine passende Option f\u00fcr Sie.&lt;\/p&gt;<\/p>\n<\/div><\/div><\/div><div class=\"panel panel-default accordion-item\"><div class=\"panel-heading \"><a data-toggle=\"collapse\" data-parent=\"#1765446797\" href=\"#accordian-panel-5\" class=\"accordion-toggle\"><h3 class=\"panel-title\" >Ist es m\u00f6glich, ein Boot vor dem Kauf zu testen?<\/h3><\/a><\/div><div id=\"accordian-panel-5\" class=\"panel-collapse collapse \"><div class=\"panel-body\"><p>Ja, wir bieten immer die M\u00f6glichkeit, eine Probefahrt zu machen, damit Sie sicher sein k\u00f6nnen, dass das Boot Ihren Bed\u00fcrfnissen entspricht.<\/p>\n<\/div><\/div><\/div><\/div><\/div><\/div><\/div><\/div><\/section>","protected":false},"excerpt":{"rendered":"<p>ATB Shipyards. Preis: 590.000\u20acAutopilot, Furuno Echolot, 2 Furuno GPS, Furuno Radar, Icom VHF, Navigationscomputer, Navtex-Station. Das Boot besteht aus Aluminium, um die MCA-Anforderungen zu erf\u00fcllen und ist mit dem Zero Speed Quantum-Stabilisierungssystem ausgestattet. Eine gro\u00dfe Flybridge mit einem Bereich zum Sonnenbaden und Essen. Ein gro\u00dfz\u00fcgiges Achterdeck mit bequemen Sitzen. Das Wohnzimmer mit bequemen Polstersofas und [&hellip;]<\/p>\n","protected":false},"author":1,"featured_media":0,"parent":0,"menu_order":0,"comment_status":"closed","ping_status":"closed","template":"","meta":{"_acf_changed":false,"footnotes":""},"class_list":["post-17230","page","type-page","status-publish","hentry"],"acf":[],"_links":{"self":[{"href":"https:\/\/www.primaboats.com\/de\/wp-json\/wp\/v2\/pages\/17230","targetHints":{"allow":["GET"]}}],"collection":[{"href":"https:\/\/www.primaboats.com\/de\/wp-json\/wp\/v2\/pages"}],"about":[{"href":"https:\/\/www.primaboats.com\/de\/wp-json\/wp\/v2\/types\/page"}],"author":[{"embeddable":true,"href":"https:\/\/www.primaboats.com\/de\/wp-json\/wp\/v2\/users\/1"}],"replies":[{"embeddable":true,"href":"https:\/\/www.primaboats.com\/de\/wp-json\/wp\/v2\/comments?post=17230"}],"version-history":[{"count":11,"href":"https:\/\/www.primaboats.com\/de\/wp-json\/wp\/v2\/pages\/17230\/revisions"}],"predecessor-version":[{"id":110483,"href":"https:\/\/www.primaboats.com\/de\/wp-json\/wp\/v2\/pages\/17230\/revisions\/110483"}],"wp:attachment":[{"href":"https:\/\/www.primaboats.com\/de\/wp-json\/wp\/v2\/media?parent=17230"}],"curies":[{"name":"wp","href":"https:\/\/api.w.org\/{rel}","templated":true}]}}